{"id":1735,"date":"2025-09-01T21:38:48","date_gmt":"2025-09-01T21:38:48","guid":{"rendered":"https:\/\/musgoderoble.mx\/?post_type=product&#038;p=1735"},"modified":"2025-12-09T15:16:30","modified_gmt":"2025-12-09T15:16:30","slug":"cuidado-aromatico-para-la-salud","status":"publish","type":"product","link":"https:\/\/musgoderoble.mx\/en\/product\/cuidado-aromatico-para-la-salud\/","title":{"rendered":"Aromatic care for health"},"content":{"rendered":"<p><span style=\"font-weight: 400;\">Cuidado arom\u00e1tico para la salud, bienestar, f\u00edsico y emocional a trav\u00e9s de la verdadera cultura del aroma, se estudian las 4 escuelas europeas. Francia \u2013 Terapia oral; Inglaterra \u2013 Terapia t\u00f3pica, aroma masaje; Italia \u2013 Osmoterapia, inhalaci\u00f3n al vapor de agua para la mente; Alemania &#8212; Difusi\u00f3n para revitalizar espacios vitales profesionalmente.<\/span><\/p>\n<p><span style=\"font-weight: 400;\">Incluye: Manual completo impreso, certificado de participaci\u00f3n, 4 pociones diferentes que el participante elabora durante el curso (dos mezclas para inhalaci\u00f3n, una mezcla para masaje y un b\u00e1lsamo), refrigerios saludables continuos.\u00a0<\/span><\/p>\n<p><span style=\"font-weight: 400;\">Puedes formar tu propio kit, disponible con descuento.<\/span><\/p>","protected":false},"excerpt":{"rendered":"<p><span style=\"font-weight: 400;\">Modalidad: Presencial<br \/>\n<\/span><span style=\"font-weight: 400;\">Fecha: 2 d\u00edas<br \/>\n<\/span><span style=\"font-weight: 400;\">Ponente:<br \/>\n<\/span><span style=\"font-weight: 400;\">Horario: de 10:00 am a 6:00 pm<br \/>\n<\/span><span style=\"font-weight: 400;\">Lugar: Ciudad de Quer\u00e9taro \u2013 Calle Puente de Alvarado 406, Col. Carretas CP 76050, Quer\u00e9taro\u00a0\u00a0<\/span><span style=\"font-weight: 400;\"><br \/>\n<\/span><span style=\"font-weight: 400;\">Cupo limitado: 15 personas<br \/>\nPrecio: 2,900 MXN<br \/>\n<\/span><\/p>","protected":false},"featured_media":5037,"comment_status":"open","ping_status":"closed","template":"","meta":[],"product_brand":[],"product_cat":[117,80,102],"product_tag":[],"class_list":{"0":"post-1735","1":"product","2":"type-product","3":"status-publish","4":"has-post-thumbnail","6":"product_cat-cuidado-aromatico","7":"product_cat-academia","8":"product_cat-presencial","10":"first","11":"instock","12":"taxable","13":"shipping-taxable","14":"product-type-simple"},"_links":{"self":[{"href":"https:\/\/musgoderoble.mx\/en\/wp-json\/wp\/v2\/product\/1735","targetHints":{"allow":["GET"]}}],"collection":[{"href":"https:\/\/musgoderoble.mx\/en\/wp-json\/wp\/v2\/product"}],"about":[{"href":"https:\/\/musgoderoble.mx\/en\/wp-json\/wp\/v2\/types\/product"}],"replies":[{"embeddable":true,"href":"https:\/\/musgoderoble.mx\/en\/wp-json\/wp\/v2\/comments?post=1735"}],"wp:featuredmedia":[{"embeddable":true,"href":"https:\/\/musgoderoble.mx\/en\/wp-json\/wp\/v2\/media\/5037"}],"wp:attachment":[{"href":"https:\/\/musgoderoble.mx\/en\/wp-json\/wp\/v2\/media?parent=1735"}],"wp:term":[{"taxonomy":"product_brand","embeddable":true,"href":"https:\/\/musgoderoble.mx\/en\/wp-json\/wp\/v2\/product_brand?post=1735"},{"taxonomy":"product_cat","embeddable":true,"href":"https:\/\/musgoderoble.mx\/en\/wp-json\/wp\/v2\/product_cat?post=1735"},{"taxonomy":"product_tag","embeddable":true,"href":"https:\/\/musgoderoble.mx\/en\/wp-json\/wp\/v2\/product_tag?post=1735"}],"curies":[{"name":"wp","href":"https:\/\/api.w.org\/{rel}","templated":true}]}}