{"id":1736,"date":"2025-09-01T21:44:28","date_gmt":"2025-09-01T21:44:28","guid":{"rendered":"https:\/\/musgoderoble.mx\/?post_type=product&#038;p=1736"},"modified":"2025-12-11T20:31:06","modified_gmt":"2025-12-11T20:31:06","slug":"cuando-el-alma-necesita-ayuda","status":"publish","type":"product","link":"https:\/\/musgoderoble.mx\/en\/product\/cuando-el-alma-necesita-ayuda\/","title":{"rendered":"When the soul needs help"},"content":{"rendered":"<p><span style=\"font-weight: 400;\">L<\/span><span style=\"font-weight: 400;\">a relaci\u00f3n entre las emociones negativas causadas por los organismos pat\u00f3genos y la convivencia equilibrada con estos a nivel f\u00edsico y emocional. Como mantener nuestro microbioma en equilibrio para una salud fuerte. Aprender a aplicar correctamente la aromaterapia de forma oral, interna, t\u00f3pica en aplicaciones en zonas afectadas durante infecciones y episodios emocionales<\/span><span style=\"font-weight: 400;\">. <\/span><span style=\"font-weight: 400;\">18 aceites esenciales todo terreno.\u00a0<\/span><\/p>\n<p><span style=\"font-weight: 400;\">Incluye: Manual completo impreso, 4 pociones diferentes que el participante elabora durante el curso (una mezcla para inhalaci\u00f3n, un roll on para aplicar en piel, mezcla para masaje y una crema), refrigerios saludables continuos.\u00a0<\/span><\/p>","protected":false},"excerpt":{"rendered":"<p>Modalidad: Presencial<br \/>\nFecha: 2 d\u00edas<br \/>\nPonente:<br \/>\nHorario: de 10:00 am a 6:00 pm<br \/>\nLugar: Ciudad de Quer\u00e9taro \u2013 Calle Puente de Alvarado 406, Col. Carretas CP 76050, Quer\u00e9taro<br \/>\nCupo limitado: 15 personas<br \/>\nPrecio: 3,000 MXN<\/p>","protected":false},"featured_media":5063,"comment_status":"open","ping_status":"closed","template":"","meta":[],"product_brand":[],"product_cat":[117,80,102],"product_tag":[],"class_list":{"0":"post-1736","1":"product","2":"type-product","3":"status-publish","4":"has-post-thumbnail","6":"product_cat-cuidado-aromatico","7":"product_cat-academia","8":"product_cat-presencial","10":"first","11":"instock","12":"taxable","13":"shipping-taxable","14":"product-type-simple"},"_links":{"self":[{"href":"https:\/\/musgoderoble.mx\/en\/wp-json\/wp\/v2\/product\/1736","targetHints":{"allow":["GET"]}}],"collection":[{"href":"https:\/\/musgoderoble.mx\/en\/wp-json\/wp\/v2\/product"}],"about":[{"href":"https:\/\/musgoderoble.mx\/en\/wp-json\/wp\/v2\/types\/product"}],"replies":[{"embeddable":true,"href":"https:\/\/musgoderoble.mx\/en\/wp-json\/wp\/v2\/comments?post=1736"}],"wp:featuredmedia":[{"embeddable":true,"href":"https:\/\/musgoderoble.mx\/en\/wp-json\/wp\/v2\/media\/5063"}],"wp:attachment":[{"href":"https:\/\/musgoderoble.mx\/en\/wp-json\/wp\/v2\/media?parent=1736"}],"wp:term":[{"taxonomy":"product_brand","embeddable":true,"href":"https:\/\/musgoderoble.mx\/en\/wp-json\/wp\/v2\/product_brand?post=1736"},{"taxonomy":"product_cat","embeddable":true,"href":"https:\/\/musgoderoble.mx\/en\/wp-json\/wp\/v2\/product_cat?post=1736"},{"taxonomy":"product_tag","embeddable":true,"href":"https:\/\/musgoderoble.mx\/en\/wp-json\/wp\/v2\/product_tag?post=1736"}],"curies":[{"name":"wp","href":"https:\/\/api.w.org\/{rel}","templated":true}]}}