{"id":1737,"date":"2025-09-01T21:47:48","date_gmt":"2025-09-01T21:47:48","guid":{"rendered":"https:\/\/musgoderoble.mx\/?post_type=product&#038;p=1737"},"modified":"2025-12-11T20:29:49","modified_gmt":"2025-12-11T20:29:49","slug":"aplicaciones-aromaticas","status":"publish","type":"product","link":"https:\/\/musgoderoble.mx\/en\/product\/aplicaciones-aromaticas\/","title":{"rendered":"Aromatic applications"},"content":{"rendered":"<p><span style=\"font-weight: 400;\">Aprender\u00e1s protocolos y aplicaciones pr\u00e1cticas muy efectivas para los siguientes temas: Ni\u00f1os y beb\u00e9s, cuidado de la piel, primeros auxilios en casa y en espacios m\u00e9dicos, usos orales dentales para \u00f3ptima salud bucal, como ayudar en cuidados paliativos, como apoyar a ejecutivos a no desarrollar estr\u00e9s cr\u00f3nico. Usos y beneficios de las arcillas, cataplasmas y compresas fr\u00edas y calientes. Recetas para muchas molestias cotidianas con aceites esenciales, aceites bases e hidrolatos.<\/span><\/p>\n<p><span style=\"font-weight: 400;\">Incluye: Manual completo impreso, 4 pociones diferentes que el participante elabora durante el curso (una mezcla para inhalaci\u00f3n, \u00f3vulos y supositorios, linimento y crema corporal), refrigerios saludables continuos.<\/span><\/p>\n<p>&nbsp;<\/p>","protected":false},"excerpt":{"rendered":"<p>Usos pr\u00e1cticos para necesidades cotidianas<br \/>\nModalidad: Presencial<br \/>\nFecha: 2 d\u00edas<br \/>\nPonente:<br \/>\nHorario: de 10:00 am a 6:00 pm<br \/>\nLugar: Ciudad de Quer\u00e9taro \u2013 Calle Puente de Alvarado 406, Col. Carretas CP 76050, Quer\u00e9taro<br \/>\nCupo limitado: 15 personas<br \/>\nPrecio: 3000 MXN<\/p>","protected":false},"featured_media":5159,"comment_status":"open","ping_status":"closed","template":"","meta":[],"product_brand":[],"product_cat":[117,80,102],"product_tag":[],"class_list":{"0":"post-1737","1":"product","2":"type-product","3":"status-publish","4":"has-post-thumbnail","6":"product_cat-cuidado-aromatico","7":"product_cat-academia","8":"product_cat-presencial","10":"first","11":"instock","12":"taxable","13":"shipping-taxable","14":"product-type-simple"},"_links":{"self":[{"href":"https:\/\/musgoderoble.mx\/en\/wp-json\/wp\/v2\/product\/1737","targetHints":{"allow":["GET"]}}],"collection":[{"href":"https:\/\/musgoderoble.mx\/en\/wp-json\/wp\/v2\/product"}],"about":[{"href":"https:\/\/musgoderoble.mx\/en\/wp-json\/wp\/v2\/types\/product"}],"replies":[{"embeddable":true,"href":"https:\/\/musgoderoble.mx\/en\/wp-json\/wp\/v2\/comments?post=1737"}],"wp:featuredmedia":[{"embeddable":true,"href":"https:\/\/musgoderoble.mx\/en\/wp-json\/wp\/v2\/media\/5159"}],"wp:attachment":[{"href":"https:\/\/musgoderoble.mx\/en\/wp-json\/wp\/v2\/media?parent=1737"}],"wp:term":[{"taxonomy":"product_brand","embeddable":true,"href":"https:\/\/musgoderoble.mx\/en\/wp-json\/wp\/v2\/product_brand?post=1737"},{"taxonomy":"product_cat","embeddable":true,"href":"https:\/\/musgoderoble.mx\/en\/wp-json\/wp\/v2\/product_cat?post=1737"},{"taxonomy":"product_tag","embeddable":true,"href":"https:\/\/musgoderoble.mx\/en\/wp-json\/wp\/v2\/product_tag?post=1737"}],"curies":[{"name":"wp","href":"https:\/\/api.w.org\/{rel}","templated":true}]}}