{"id":1738,"date":"2025-09-01T21:57:41","date_gmt":"2025-09-01T21:57:41","guid":{"rendered":"https:\/\/musgoderoble.mx\/?post_type=product&#038;p=1738"},"modified":"2025-10-29T22:28:34","modified_gmt":"2025-10-29T22:28:34","slug":"la-importancia-de-la-quimica-organica-en-la-aromaterapia","status":"publish","type":"product","link":"https:\/\/musgoderoble.mx\/en\/product\/la-importancia-de-la-quimica-organica-en-la-aromaterapia\/","title":{"rendered":"The importance of organic chemistry in aromatherapy"},"content":{"rendered":"<p><span style=\"font-weight: 400;\">Un viaje a trav\u00e9s de la qu\u00edmica org\u00e1nica<\/span><span style=\"font-weight: 400;\"> sobre la calidad y para la comprensi\u00f3n profunda de la sintetizaci\u00f3n de los diferentes terpenos en los aceites esenciales. Sus esqueletos bio-qu\u00edmicos con el diagrama de Franchomme, composici\u00f3n bio-qu\u00edmica como punto clave en la importancia de los poderes curativos de los aceites y su aplicaci\u00f3n en aromaterapia. Destilaci\u00f3n de aceite de Romero en nuestro alambique casero. Como usar los componentes qu\u00edmicos de los aceites esenciales asoci\u00e1ndolos a diversos padecimientos.<\/span><\/p>\n<p><span style=\"font-weight: 400;\">Incluye: Manual completo impreso, destilaci\u00f3n del aceite de romero, mezcla de herbolaria para la tizana de la elecci\u00f3n de cada participante, sales arom\u00e1ticas para ba\u00f1o de pies. Refrigerios saludables continuos.\u00a0<\/span><\/p>","protected":false},"excerpt":{"rendered":"<p>Modalidad: Presencial<br \/>\nFecha: 2 d\u00edas<br \/>\nPonente:<br \/>\nHorario: de 10:00 am a 6:00 pm<br \/>\nLugar: Ciudad de Quer\u00e9taro \u2013 Calle Puente de Alvarado 406, Col. Carretas CP 76050, Quer\u00e9taro<br \/>\nCupo limitado: 15 personas<br \/>\nPrecio: 3,000 MXN<\/p>","protected":false},"featured_media":1722,"comment_status":"open","ping_status":"closed","template":"","meta":[],"product_brand":[],"product_cat":[80,102,116],"product_tag":[],"class_list":{"0":"post-1738","1":"product","2":"type-product","3":"status-publish","4":"has-post-thumbnail","6":"product_cat-academia","7":"product_cat-presencial","8":"product_cat-quimica-organica","10":"first","11":"instock","12":"taxable","13":"shipping-taxable","14":"product-type-simple"},"_links":{"self":[{"href":"https:\/\/musgoderoble.mx\/en\/wp-json\/wp\/v2\/product\/1738","targetHints":{"allow":["GET"]}}],"collection":[{"href":"https:\/\/musgoderoble.mx\/en\/wp-json\/wp\/v2\/product"}],"about":[{"href":"https:\/\/musgoderoble.mx\/en\/wp-json\/wp\/v2\/types\/product"}],"replies":[{"embeddable":true,"href":"https:\/\/musgoderoble.mx\/en\/wp-json\/wp\/v2\/comments?post=1738"}],"wp:featuredmedia":[{"embeddable":true,"href":"https:\/\/musgoderoble.mx\/en\/wp-json\/wp\/v2\/media\/1722"}],"wp:attachment":[{"href":"https:\/\/musgoderoble.mx\/en\/wp-json\/wp\/v2\/media?parent=1738"}],"wp:term":[{"taxonomy":"product_brand","embeddable":true,"href":"https:\/\/musgoderoble.mx\/en\/wp-json\/wp\/v2\/product_brand?post=1738"},{"taxonomy":"product_cat","embeddable":true,"href":"https:\/\/musgoderoble.mx\/en\/wp-json\/wp\/v2\/product_cat?post=1738"},{"taxonomy":"product_tag","embeddable":true,"href":"https:\/\/musgoderoble.mx\/en\/wp-json\/wp\/v2\/product_tag?post=1738"}],"curies":[{"name":"wp","href":"https:\/\/api.w.org\/{rel}","templated":true}]}}