{"id":1739,"date":"2025-09-01T22:00:05","date_gmt":"2025-09-01T22:00:05","guid":{"rendered":"https:\/\/musgoderoble.mx\/?post_type=product&#038;p=1739"},"modified":"2025-12-11T20:32:34","modified_gmt":"2025-12-11T20:32:34","slug":"aromaterapia-para-el-alma-y-el-espiritu","status":"publish","type":"product","link":"https:\/\/musgoderoble.mx\/en\/product\/aromaterapia-para-el-alma-y-el-espiritu\/","title":{"rendered":"Aromatherapy for the soul and spirit"},"content":{"rendered":"<p>Una exploraci\u00f3n a los rincones de la mente, la relaci\u00f3n con el segundo cerebro y las emociones que nos paralizan.<br \/>\nEl miedo, la emoci\u00f3n que puede desatar depresi\u00f3n y ansiedad. En esta Masterclass aprender\u00e1s el uso correcto de los aceites esenciales para tratar la sintomatolog\u00eda que se deriva de estos estados emocionales.<br \/>\nLos sentimientos de tristeza profunda, desesperaci\u00f3n, pesimismo y vac\u00edo pueden ser remediados con los aceites esenciales apropiados para el tipo de depresi\u00f3n que se sufra ansiosa, ap\u00e1tica let\u00e1rgica y volver a ver colores en la vida.<\/p>\n<p><span style=\"font-weight: 400;\">Incluye: Manual completo impreso, mezcla de herbolaria para la tizana de la elecci\u00f3n de cada participante, 4 mezclas para inhalaci\u00f3n individualizadas.\u00a0 Refrigerios saludables continuos.\u00a0<\/span><\/p>\n<p>&nbsp;<\/p>","protected":false},"excerpt":{"rendered":"<p>Modalidad: Presencial<br \/>\nFecha: 2 d\u00edas<br \/>\nPonente:<br \/>\nHorario: de 10:00 am a 6:00 pm<br \/>\nLugar: Ciudad de Quer\u00e9taro \u2013 Calle Puente de Alvarado 406, Col. Carretas CP 76050, Quer\u00e9taro<br \/>\nCupo limitado: 15 personas<br \/>\nPrecio: 2,400 MXN<\/p>","protected":false},"featured_media":5162,"comment_status":"open","ping_status":"closed","template":"","meta":[],"product_brand":[],"product_cat":[117,80,102],"product_tag":[],"class_list":{"0":"post-1739","1":"product","2":"type-product","3":"status-publish","4":"has-post-thumbnail","6":"product_cat-cuidado-aromatico","7":"product_cat-academia","8":"product_cat-presencial","10":"first","11":"instock","12":"taxable","13":"shipping-taxable","14":"product-type-simple"},"_links":{"self":[{"href":"https:\/\/musgoderoble.mx\/en\/wp-json\/wp\/v2\/product\/1739","targetHints":{"allow":["GET"]}}],"collection":[{"href":"https:\/\/musgoderoble.mx\/en\/wp-json\/wp\/v2\/product"}],"about":[{"href":"https:\/\/musgoderoble.mx\/en\/wp-json\/wp\/v2\/types\/product"}],"replies":[{"embeddable":true,"href":"https:\/\/musgoderoble.mx\/en\/wp-json\/wp\/v2\/comments?post=1739"}],"wp:featuredmedia":[{"embeddable":true,"href":"https:\/\/musgoderoble.mx\/en\/wp-json\/wp\/v2\/media\/5162"}],"wp:attachment":[{"href":"https:\/\/musgoderoble.mx\/en\/wp-json\/wp\/v2\/media?parent=1739"}],"wp:term":[{"taxonomy":"product_brand","embeddable":true,"href":"https:\/\/musgoderoble.mx\/en\/wp-json\/wp\/v2\/product_brand?post=1739"},{"taxonomy":"product_cat","embeddable":true,"href":"https:\/\/musgoderoble.mx\/en\/wp-json\/wp\/v2\/product_cat?post=1739"},{"taxonomy":"product_tag","embeddable":true,"href":"https:\/\/musgoderoble.mx\/en\/wp-json\/wp\/v2\/product_tag?post=1739"}],"curies":[{"name":"wp","href":"https:\/\/api.w.org\/{rel}","templated":true}]}}