{"id":1741,"date":"2025-09-01T22:05:01","date_gmt":"2025-09-01T22:05:01","guid":{"rendered":"https:\/\/musgoderoble.mx\/?post_type=product&#038;p=1741"},"modified":"2025-12-10T02:39:16","modified_gmt":"2025-12-10T02:39:16","slug":"liberacion-de-energia-somatica","status":"publish","type":"product","link":"https:\/\/musgoderoble.mx\/en\/product\/liberacion-de-energia-somatica\/","title":{"rendered":"Somatic energy release"},"content":{"rendered":"<p><span style=\"font-weight: 400;\">Trabajar sus experiencias traum\u00e1ticas heredadas ancestralmente, l<\/span><span style=\"font-weight: 400;\">os factores estresantes cr\u00f3nicos enfoc\u00e1ndose en el cuerpo f\u00edsico<\/span><span style=\"font-weight: 400;\">, <\/span><span style=\"font-weight: 400;\">el movimiento dirigido y ejercicios guiados<\/span><span style=\"font-weight: 400;\">, <\/span><span style=\"font-weight: 400;\">Como el TRAUMA y el ESTR\u00c9S cr\u00f3nicos que se alojan en el cuerpo<\/span><span style=\"font-weight: 400;\">. <\/span><span style=\"font-weight: 400;\">Como usar movimientos espec\u00edficos para liberar el dolor emocional alojado en el cuerpo (manipulaciones de los quistes energ\u00e9ticos).<\/span><\/p>\n<p><span style=\"font-weight: 400;\">Incluye: Manual completo impreso, sales arom\u00e1ticas, mezcla de herbolaria, roll on individual. Refrigerios saludables continuos.\u00a0<\/span><\/p>","protected":false},"excerpt":{"rendered":"<p>Modalidad: presencial<br \/>\nFecha: 2 d\u00edas<br \/>\nPonente: Randy Barker<br \/>\nHorario: de 10:00 am a 6:00 pm<br \/>\nLugar: Ciudad de Quer\u00e9taro \u2013 Calle Puente de Alvarado 406, Col. Carretas CP 76050, Quer\u00e9taro<br \/>\nCupo limitado: 10 personas<br \/>\nPrecio: 3,225 MXN<\/p>","protected":false},"featured_media":5062,"comment_status":"open","ping_status":"closed","template":"","meta":[],"product_brand":[],"product_cat":[80,115,102],"product_tag":[],"class_list":{"0":"post-1741","1":"product","2":"type-product","3":"status-publish","4":"has-post-thumbnail","6":"product_cat-academia","7":"product_cat-energia-somatica","8":"product_cat-presencial","10":"first","11":"instock","12":"taxable","13":"shipping-taxable","14":"product-type-simple"},"_links":{"self":[{"href":"https:\/\/musgoderoble.mx\/en\/wp-json\/wp\/v2\/product\/1741","targetHints":{"allow":["GET"]}}],"collection":[{"href":"https:\/\/musgoderoble.mx\/en\/wp-json\/wp\/v2\/product"}],"about":[{"href":"https:\/\/musgoderoble.mx\/en\/wp-json\/wp\/v2\/types\/product"}],"replies":[{"embeddable":true,"href":"https:\/\/musgoderoble.mx\/en\/wp-json\/wp\/v2\/comments?post=1741"}],"wp:featuredmedia":[{"embeddable":true,"href":"https:\/\/musgoderoble.mx\/en\/wp-json\/wp\/v2\/media\/5062"}],"wp:attachment":[{"href":"https:\/\/musgoderoble.mx\/en\/wp-json\/wp\/v2\/media?parent=1741"}],"wp:term":[{"taxonomy":"product_brand","embeddable":true,"href":"https:\/\/musgoderoble.mx\/en\/wp-json\/wp\/v2\/product_brand?post=1741"},{"taxonomy":"product_cat","embeddable":true,"href":"https:\/\/musgoderoble.mx\/en\/wp-json\/wp\/v2\/product_cat?post=1741"},{"taxonomy":"product_tag","embeddable":true,"href":"https:\/\/musgoderoble.mx\/en\/wp-json\/wp\/v2\/product_tag?post=1741"}],"curies":[{"name":"wp","href":"https:\/\/api.w.org\/{rel}","templated":true}]}}