{"id":1742,"date":"2025-09-01T22:08:10","date_gmt":"2025-09-01T22:08:10","guid":{"rendered":"https:\/\/musgoderoble.mx\/?post_type=product&#038;p=1742"},"modified":"2025-12-09T14:33:51","modified_gmt":"2025-12-09T14:33:51","slug":"amor-en-pareja-y-el-arte-de-la-verdadera-intimidad","status":"publish","type":"product","link":"https:\/\/musgoderoble.mx\/en\/product\/amor-en-pareja-y-el-arte-de-la-verdadera-intimidad\/","title":{"rendered":"Love in a relationship and the art of true intimacy"},"content":{"rendered":"<p><span style=\"font-weight: 400;\">En este experiencia podr\u00e1s crear un espacio de reencuentro con tu pareja, fortalecer tu intimidad y emociones a trav\u00e9s de una nueva sabidur\u00eda, Intimidad placentera y crecimiento espiritual. Amor, el arte de sanaci\u00f3n, Sensualidad para placer, salud y uni\u00f3n, la relajaci\u00f3n y la alegr\u00eda entre dos, feromonas de atracci\u00f3n y los aromas para estimular la libido, la energ\u00eda sensual y algunos aceites esenciales, como cultivar y fortalecer el amor, la intimidad y el contacto f\u00edsico .<\/span><\/p>\n<p><span style=\"font-weight: 400;\">Ritual de conexi\u00f3n en pareja<\/span><span style=\"font-weight: 400;\">: Ejercicios de respiraci\u00f3n individual y en pareja. Una t\u00e9cnica t\u00e1ntrica milenaria de respiraci\u00f3n r\u00edtmica coordinada. Respiraci\u00f3n enfocada en mover la energ\u00eda del chacra base, hasta el 7mo chacra de la espiritualidad en la coronilla para armonizar y unir esta vibraci\u00f3n a trav\u00e9s de todo el cuerpo<\/span><\/p>\n<p><span style=\"font-weight: 400;\">Incluye: Proyecci\u00f3n y manual, el participante crear\u00e1 su propia mezcla sensual (Roll on) y otra mezcla para estimular las feromonas de atracci\u00f3n (brisa), vino arom\u00e1tico espumante y frutas rojas diversas ba\u00f1adas en cacao.<\/span><\/p>","protected":false},"excerpt":{"rendered":"<p>Modalidad: Presencial<br \/>\nFecha: 4 horas<br \/>\nPonente:<br \/>\nHorario: de 2:00 pm a 6:00 pm<br \/>\nLugar: Ciudad de Quer\u00e9taro \u2013 Calle Puente de Alvarado 406, Col. Carretas CP 76050, Quer\u00e9taro<br \/>\nCupo limitado: 10 parejas<br \/>\nPrecio: 3,900 MXN<\/p>","protected":false},"featured_media":5029,"comment_status":"open","ping_status":"closed","template":"","meta":[],"product_brand":[],"product_cat":[117,80,102],"product_tag":[],"class_list":{"0":"post-1742","1":"product","2":"type-product","3":"status-publish","4":"has-post-thumbnail","6":"product_cat-cuidado-aromatico","7":"product_cat-academia","8":"product_cat-presencial","10":"first","11":"instock","12":"taxable","13":"shipping-taxable","14":"product-type-simple"},"_links":{"self":[{"href":"https:\/\/musgoderoble.mx\/en\/wp-json\/wp\/v2\/product\/1742","targetHints":{"allow":["GET"]}}],"collection":[{"href":"https:\/\/musgoderoble.mx\/en\/wp-json\/wp\/v2\/product"}],"about":[{"href":"https:\/\/musgoderoble.mx\/en\/wp-json\/wp\/v2\/types\/product"}],"replies":[{"embeddable":true,"href":"https:\/\/musgoderoble.mx\/en\/wp-json\/wp\/v2\/comments?post=1742"}],"wp:featuredmedia":[{"embeddable":true,"href":"https:\/\/musgoderoble.mx\/en\/wp-json\/wp\/v2\/media\/5029"}],"wp:attachment":[{"href":"https:\/\/musgoderoble.mx\/en\/wp-json\/wp\/v2\/media?parent=1742"}],"wp:term":[{"taxonomy":"product_brand","embeddable":true,"href":"https:\/\/musgoderoble.mx\/en\/wp-json\/wp\/v2\/product_brand?post=1742"},{"taxonomy":"product_cat","embeddable":true,"href":"https:\/\/musgoderoble.mx\/en\/wp-json\/wp\/v2\/product_cat?post=1742"},{"taxonomy":"product_tag","embeddable":true,"href":"https:\/\/musgoderoble.mx\/en\/wp-json\/wp\/v2\/product_tag?post=1742"}],"curies":[{"name":"wp","href":"https:\/\/api.w.org\/{rel}","templated":true}]}}