{"id":1743,"date":"2025-09-01T22:16:02","date_gmt":"2025-09-01T22:16:02","guid":{"rendered":"https:\/\/musgoderoble.mx\/?post_type=product&#038;p=1743"},"modified":"2025-12-11T14:55:13","modified_gmt":"2025-12-11T14:55:13","slug":"el-arte-de-fabricar-profesionalmente-taller","status":"publish","type":"product","link":"https:\/\/musgoderoble.mx\/en\/product\/el-arte-de-fabricar-profesionalmente-taller\/","title":{"rendered":"The art of professional manufacturing"},"content":{"rendered":"<p><span style=\"font-weight: 400;\">Aprender\u00e1s a elaborar y a envasar profesionalmente b\u00e1lsamos, linimentos, ung\u00fcentos, \u00f3vulos, supositorios, cremas y lociones. Para tratar diferentes molestias f\u00edsicas y para el bienestar y belleza de forma 100% natural. Todas las materias primas y envases se incluyen para su elaboraci\u00f3n.<\/span><\/p>\n<p><span style=\"font-weight: 400;\">Incluye: Manual, materias primas para fabricar, el participante se lleva a casa lo que fabrique durante el curso. Refrigerios saludables continuos.\u00a0<\/span><\/p>","protected":false},"excerpt":{"rendered":"<p>Modalidad: Presencial<br \/>\nFecha: un d\u00eda<br \/>\nPonente: Anaid Fonseca<br \/>\nHorario: de 10:00 am a 6:00 pm<br \/>\nLugar: Ciudad de Quer\u00e9taro \u2013 Calle Puente de Alvarado 406, Col. Carretas CP 76050, Quer\u00e9taro<br \/>\nCupo limitado: 15 personas<br \/>\nPrecio: 3,500 MXN<\/p>","protected":false},"featured_media":1747,"comment_status":"open","ping_status":"closed","template":"","meta":[],"product_brand":[],"product_cat":[117,80,113,102],"product_tag":[81],"class_list":{"0":"post-1743","1":"product","2":"type-product","3":"status-publish","4":"has-post-thumbnail","6":"product_cat-cuidado-aromatico","7":"product_cat-academia","8":"product_cat-entrenamiento-basico","9":"product_cat-presencial","10":"product_tag-taller","12":"first","13":"instock","14":"taxable","15":"shipping-taxable","16":"product-type-simple"},"_links":{"self":[{"href":"https:\/\/musgoderoble.mx\/en\/wp-json\/wp\/v2\/product\/1743","targetHints":{"allow":["GET"]}}],"collection":[{"href":"https:\/\/musgoderoble.mx\/en\/wp-json\/wp\/v2\/product"}],"about":[{"href":"https:\/\/musgoderoble.mx\/en\/wp-json\/wp\/v2\/types\/product"}],"replies":[{"embeddable":true,"href":"https:\/\/musgoderoble.mx\/en\/wp-json\/wp\/v2\/comments?post=1743"}],"wp:featuredmedia":[{"embeddable":true,"href":"https:\/\/musgoderoble.mx\/en\/wp-json\/wp\/v2\/media\/1747"}],"wp:attachment":[{"href":"https:\/\/musgoderoble.mx\/en\/wp-json\/wp\/v2\/media?parent=1743"}],"wp:term":[{"taxonomy":"product_brand","embeddable":true,"href":"https:\/\/musgoderoble.mx\/en\/wp-json\/wp\/v2\/product_brand?post=1743"},{"taxonomy":"product_cat","embeddable":true,"href":"https:\/\/musgoderoble.mx\/en\/wp-json\/wp\/v2\/product_cat?post=1743"},{"taxonomy":"product_tag","embeddable":true,"href":"https:\/\/musgoderoble.mx\/en\/wp-json\/wp\/v2\/product_tag?post=1743"}],"curies":[{"name":"wp","href":"https:\/\/api.w.org\/{rel}","templated":true}]}}