{"id":1745,"date":"2025-09-01T22:23:27","date_gmt":"2025-09-01T22:23:27","guid":{"rendered":"https:\/\/musgoderoble.mx\/?post_type=product&#038;p=1745"},"modified":"2025-12-11T14:55:04","modified_gmt":"2025-12-11T14:55:04","slug":"como-crear-tu-propio-perfume-taller","status":"publish","type":"product","link":"https:\/\/musgoderoble.mx\/en\/product\/como-crear-tu-propio-perfume-taller\/","title":{"rendered":"How to create your own perfume"},"content":{"rendered":"<p><span style=\"font-weight: 400;\">Historia de la perfumer\u00eda, como el antiguo perfumero elaboraba un perfume. Cata de aromas, notas frescas, florales y bals\u00e1micas. Como elaborar un perfume, un eau d\u00b4toillete un perfume en crema bals\u00e1mica. Higiene al elaborar y envasar. Como hacer perfumer\u00eda con bouquets arom\u00e1ticos deliciosos, que sanen el alma y el espiritu.\u00a0<\/span><\/p>\n<p><span style=\"font-weight: 400;\">Incluye: Manual, materias primas para fabricar, el participante se lleva a casa lo que fabrique durante el curso. Refrigerio saludable.\u00a0<\/span><\/p>","protected":false},"excerpt":{"rendered":"<p>Modalidad: Presencial<br \/>\nFecha:1 d\u00eda<br \/>\nPonente:<br \/>\nHorario: de 10:00 am a 4:00 pm<br \/>\nLugar: Ciudad de Quer\u00e9taro \u2013 Calle Puente de Alvarado 406, Col. Carretas CP 76050, Quer\u00e9taro<br \/>\nCupo limitado: 15 personas<br \/>\nPrecio: 1,780 MXN<\/p>","protected":false},"featured_media":1746,"comment_status":"open","ping_status":"closed","template":"","meta":[],"product_brand":[],"product_cat":[117,80,113,102],"product_tag":[81],"class_list":{"0":"post-1745","1":"product","2":"type-product","3":"status-publish","4":"has-post-thumbnail","6":"product_cat-cuidado-aromatico","7":"product_cat-academia","8":"product_cat-entrenamiento-basico","9":"product_cat-presencial","10":"product_tag-taller","12":"first","13":"instock","14":"taxable","15":"shipping-taxable","16":"product-type-simple"},"_links":{"self":[{"href":"https:\/\/musgoderoble.mx\/en\/wp-json\/wp\/v2\/product\/1745","targetHints":{"allow":["GET"]}}],"collection":[{"href":"https:\/\/musgoderoble.mx\/en\/wp-json\/wp\/v2\/product"}],"about":[{"href":"https:\/\/musgoderoble.mx\/en\/wp-json\/wp\/v2\/types\/product"}],"replies":[{"embeddable":true,"href":"https:\/\/musgoderoble.mx\/en\/wp-json\/wp\/v2\/comments?post=1745"}],"wp:featuredmedia":[{"embeddable":true,"href":"https:\/\/musgoderoble.mx\/en\/wp-json\/wp\/v2\/media\/1746"}],"wp:attachment":[{"href":"https:\/\/musgoderoble.mx\/en\/wp-json\/wp\/v2\/media?parent=1745"}],"wp:term":[{"taxonomy":"product_brand","embeddable":true,"href":"https:\/\/musgoderoble.mx\/en\/wp-json\/wp\/v2\/product_brand?post=1745"},{"taxonomy":"product_cat","embeddable":true,"href":"https:\/\/musgoderoble.mx\/en\/wp-json\/wp\/v2\/product_cat?post=1745"},{"taxonomy":"product_tag","embeddable":true,"href":"https:\/\/musgoderoble.mx\/en\/wp-json\/wp\/v2\/product_tag?post=1745"}],"curies":[{"name":"wp","href":"https:\/\/api.w.org\/{rel}","templated":true}]}}