{"id":1748,"date":"2025-09-01T22:25:59","date_gmt":"2025-09-01T22:25:59","guid":{"rendered":"https:\/\/musgoderoble.mx\/?post_type=product&#038;p=1748"},"modified":"2025-12-10T02:50:44","modified_gmt":"2025-12-10T02:50:44","slug":"curso-de-entrenamiento-basico-para-terapeutas-alternativos","status":"publish","type":"product","link":"https:\/\/musgoderoble.mx\/en\/product\/curso-de-entrenamiento-basico-para-terapeutas-alternativos\/","title":{"rendered":"Basic Training Course for Alternative Therapists"},"content":{"rendered":"<p><span style=\"font-weight: 400;\">Como integrar el uso de la aromaterapia a sus diversas disciplinas de terapias y tratamientos. La aromatizaci\u00f3n profesional \u2013 Como difundir los aromas de forma profesional en los diversos \u00e1mbitos de trabajo para generar espacios vitales. El Agua \u2013 el ba\u00f1o y sus rituales para la salud. Ba\u00f1o de cuerpo completo, ba\u00f1o de pies y manos y ba\u00f1o de asiento. Cepillado corporal, cataplasmas de arcilla, compresas. Elaboraci\u00f3n de aceites corporales arom\u00e1ticos, sales, b\u00e1lsamos y ung\u00fcentos.<\/span><\/p>\n<p><span style=\"font-weight: 400;\">Como mezclar profesionalmente \u2013 Desarrollar el sentido del olfato para catar diversos aromas, basados en las 3 notas principales y las 2 notas combinadas. Para lograr bouquets arom\u00e1ticos exquisitos y bouquets arom\u00e1ticos terap\u00e9uticos. Dosificaci\u00f3n, certificaciones y salvedad.<\/span><\/p>\n<p><span style=\"font-weight: 400;\">Incluye: Manual, el participante se lleva a casa lo que fabrique durante el curso. Refrigerio saludable.\u00a0<\/span><\/p>","protected":false},"excerpt":{"rendered":"<p>Modalidad: Presencial<br \/>\nFecha:<br \/>\nPonente:<br \/>\nHorario: de 10:00 am a 4:00 pm<br \/>\nLugar: Ciudad de Quer\u00e9taro \u2013 Calle Puente de Alvarado 406, Col. Carretas CP 76050, Quer\u00e9taro<br \/>\nCupo limitado: 15 personas<br \/>\nPrecio: 1,500 MXN<\/p>","protected":false},"featured_media":3035,"comment_status":"open","ping_status":"closed","template":"","meta":[],"product_brand":[],"product_cat":[80,113,102],"product_tag":[81],"class_list":{"0":"post-1748","1":"product","2":"type-product","3":"status-publish","4":"has-post-thumbnail","6":"product_cat-academia","7":"product_cat-entrenamiento-basico","8":"product_cat-presencial","9":"product_tag-taller","11":"first","12":"instock","13":"taxable","14":"shipping-taxable","15":"product-type-simple"},"_links":{"self":[{"href":"https:\/\/musgoderoble.mx\/en\/wp-json\/wp\/v2\/product\/1748","targetHints":{"allow":["GET"]}}],"collection":[{"href":"https:\/\/musgoderoble.mx\/en\/wp-json\/wp\/v2\/product"}],"about":[{"href":"https:\/\/musgoderoble.mx\/en\/wp-json\/wp\/v2\/types\/product"}],"replies":[{"embeddable":true,"href":"https:\/\/musgoderoble.mx\/en\/wp-json\/wp\/v2\/comments?post=1748"}],"wp:featuredmedia":[{"embeddable":true,"href":"https:\/\/musgoderoble.mx\/en\/wp-json\/wp\/v2\/media\/3035"}],"wp:attachment":[{"href":"https:\/\/musgoderoble.mx\/en\/wp-json\/wp\/v2\/media?parent=1748"}],"wp:term":[{"taxonomy":"product_brand","embeddable":true,"href":"https:\/\/musgoderoble.mx\/en\/wp-json\/wp\/v2\/product_brand?post=1748"},{"taxonomy":"product_cat","embeddable":true,"href":"https:\/\/musgoderoble.mx\/en\/wp-json\/wp\/v2\/product_cat?post=1748"},{"taxonomy":"product_tag","embeddable":true,"href":"https:\/\/musgoderoble.mx\/en\/wp-json\/wp\/v2\/product_tag?post=1748"}],"curies":[{"name":"wp","href":"https:\/\/api.w.org\/{rel}","templated":true}]}}