{"id":1749,"date":"2025-09-01T23:27:53","date_gmt":"2025-09-01T23:27:53","guid":{"rendered":"https:\/\/musgoderoble.mx\/?post_type=product&#038;p=1749"},"modified":"2025-10-24T21:39:42","modified_gmt":"2025-10-24T21:39:42","slug":"natures-apothecary","status":"publish","type":"product","link":"https:\/\/musgoderoble.mx\/en\/product\/natures-apothecary\/","title":{"rendered":"Nature's Apothecary"},"content":{"rendered":"<p><span style=\"font-weight: 400;\">Repisa 1- Sales arom\u00e1ticas tem\u00e1ticas para ba\u00f1os de pies y b\u00e1lsamos con la experiencia&#8211;<br \/>\nRepisa 2 &#8211; Inhalaciones al vapor de agua para las emociones y el estado de \u00e1nimo; elaboraci\u00f3n de aceites corporales para auto masaje con diversos temas para sanar diversos estados de \u00e1nimo.<br \/>\nRepisa 3 &#8211; Preparaci\u00f3n de tizanas herbolarias diversas para la salud y el bienestar, elaboraci\u00f3n de mieles arom\u00e1ticas seg\u00fan el tema.<br \/>\n<\/span><span style=\"font-weight: 400;\">Repisa 4 &#8211; Elaboraci\u00f3n de mascarillas faciales o corporales dirigidas para apoyar en la sanacion con diversos temas de salud en la piel, con diferentes arcillas y hierbas en polvo.<\/span><\/p>\n<p><span style=\"font-weight: 400;\">Como ligar los tratamientos y ADD Ons con la Nature\u00b4s Apothecary en la experiencia del hu\u00e9sped o el cliente.<\/span><\/p>\n<p><span style=\"font-weight: 400;\">Incluye: Manual completo explicativo a detalle en el uso correcto de las actividades que se desarrollan en la apotecaria, dirigidas para completar la experiencia del usuario.<\/span><\/p>","protected":false},"excerpt":{"rendered":"<p>Modalidad: Presencial en la propiedad del spa o punto de venta u ONLINE a distancia<br \/>\nFecha: 2 horas<br \/>\nPonente:<br \/>\nHorario: On-line Horario flexible sin costo<br \/>\nLugar: Ciudad de Quer\u00e9taro \u2013 Calle Puente de Alvarado 406, Col. Carretas CP 76050, Quer\u00e9taro<br \/>\nCosto: Sin costo en la compra del producto<br \/>\nCupo limitado: 20 personas<\/p>","protected":false},"featured_media":1133,"comment_status":"open","ping_status":"closed","template":"","meta":[],"product_brand":[],"product_cat":[112,80,101,113,102],"product_tag":[],"class_list":{"0":"post-1749","1":"product","2":"type-product","3":"status-publish","4":"has-post-thumbnail","6":"product_cat-botica-natural","7":"product_cat-academia","8":"product_cat-en-linea","9":"product_cat-entrenamiento-basico","10":"product_cat-presencial","12":"first","13":"instock","14":"taxable","15":"shipping-taxable","16":"product-type-simple"},"_links":{"self":[{"href":"https:\/\/musgoderoble.mx\/en\/wp-json\/wp\/v2\/product\/1749","targetHints":{"allow":["GET"]}}],"collection":[{"href":"https:\/\/musgoderoble.mx\/en\/wp-json\/wp\/v2\/product"}],"about":[{"href":"https:\/\/musgoderoble.mx\/en\/wp-json\/wp\/v2\/types\/product"}],"replies":[{"embeddable":true,"href":"https:\/\/musgoderoble.mx\/en\/wp-json\/wp\/v2\/comments?post=1749"}],"wp:featuredmedia":[{"embeddable":true,"href":"https:\/\/musgoderoble.mx\/en\/wp-json\/wp\/v2\/media\/1133"}],"wp:attachment":[{"href":"https:\/\/musgoderoble.mx\/en\/wp-json\/wp\/v2\/media?parent=1749"}],"wp:term":[{"taxonomy":"product_brand","embeddable":true,"href":"https:\/\/musgoderoble.mx\/en\/wp-json\/wp\/v2\/product_brand?post=1749"},{"taxonomy":"product_cat","embeddable":true,"href":"https:\/\/musgoderoble.mx\/en\/wp-json\/wp\/v2\/product_cat?post=1749"},{"taxonomy":"product_tag","embeddable":true,"href":"https:\/\/musgoderoble.mx\/en\/wp-json\/wp\/v2\/product_tag?post=1749"}],"curies":[{"name":"wp","href":"https:\/\/api.w.org\/{rel}","templated":true}]}}