{"id":1750,"date":"2025-09-01T22:31:45","date_gmt":"2025-09-01T22:31:45","guid":{"rendered":"https:\/\/musgoderoble.mx\/?post_type=product&#038;p=1750"},"modified":"2025-12-11T14:54:50","modified_gmt":"2025-12-11T14:54:50","slug":"masaje-basico-para-tu-familia-curso-taller","status":"publish","type":"product","link":"https:\/\/musgoderoble.mx\/en\/product\/masaje-basico-para-tu-familia-curso-taller\/","title":{"rendered":"Basic massage for your family"},"content":{"rendered":"<p><span style=\"font-weight: 400;\">Aprender\u00e1s las bases de un masaje con aromaterapia para tu familia, abuelitos, ni\u00f1os, beb\u00e9s, pap\u00e1s exhaustos. Beneficios y usos de 12 aceites esenciales, 3 aceites bases e hidrolatos. Uso de compresas arom\u00e1ticas calientes o fr\u00edas. Cepillado en seco<\/span><\/p>\n<p><span style=\"font-weight: 400;\">Incluye: Manual completo explicativo a detalle, 2 mezclas para masaje individuales, Refrigerio saludable.<\/span><\/p>\n<p>&nbsp;<\/p>","protected":false},"excerpt":{"rendered":"<p>Modalidad: Presencial<br \/>\nFecha: 1 d\u00eda<br \/>\nPonente: Randy Barker<br \/>\nHorario: de 10:00 am a 4:00 pm<br \/>\nLugar: Ciudad de Quer\u00e9taro \u2013 Calle Puente de Alvarado 406, Col. Carretas CP 76050, Quer\u00e9taro<br \/>\nCupo limitado: 10 personas<br \/>\nPrecio: 1,500 MXN<\/p>","protected":false},"featured_media":1128,"comment_status":"open","ping_status":"closed","template":"","meta":[],"product_brand":[],"product_cat":[80,114,102],"product_tag":[81],"class_list":{"0":"post-1750","1":"product","2":"type-product","3":"status-publish","4":"has-post-thumbnail","6":"product_cat-academia","7":"product_cat-masaje-basico","8":"product_cat-presencial","9":"product_tag-taller","11":"first","12":"instock","13":"taxable","14":"shipping-taxable","15":"product-type-simple"},"_links":{"self":[{"href":"https:\/\/musgoderoble.mx\/en\/wp-json\/wp\/v2\/product\/1750","targetHints":{"allow":["GET"]}}],"collection":[{"href":"https:\/\/musgoderoble.mx\/en\/wp-json\/wp\/v2\/product"}],"about":[{"href":"https:\/\/musgoderoble.mx\/en\/wp-json\/wp\/v2\/types\/product"}],"replies":[{"embeddable":true,"href":"https:\/\/musgoderoble.mx\/en\/wp-json\/wp\/v2\/comments?post=1750"}],"wp:featuredmedia":[{"embeddable":true,"href":"https:\/\/musgoderoble.mx\/en\/wp-json\/wp\/v2\/media\/1128"}],"wp:attachment":[{"href":"https:\/\/musgoderoble.mx\/en\/wp-json\/wp\/v2\/media?parent=1750"}],"wp:term":[{"taxonomy":"product_brand","embeddable":true,"href":"https:\/\/musgoderoble.mx\/en\/wp-json\/wp\/v2\/product_brand?post=1750"},{"taxonomy":"product_cat","embeddable":true,"href":"https:\/\/musgoderoble.mx\/en\/wp-json\/wp\/v2\/product_cat?post=1750"},{"taxonomy":"product_tag","embeddable":true,"href":"https:\/\/musgoderoble.mx\/en\/wp-json\/wp\/v2\/product_tag?post=1750"}],"curies":[{"name":"wp","href":"https:\/\/api.w.org\/{rel}","templated":true}]}}