{"id":1751,"date":"2025-09-01T22:37:57","date_gmt":"2025-09-01T22:37:57","guid":{"rendered":"https:\/\/musgoderoble.mx\/?post_type=product&#038;p=1751"},"modified":"2025-10-29T22:23:51","modified_gmt":"2025-10-29T22:23:51","slug":"mascotas-sanas-y-felices","status":"publish","type":"product","link":"https:\/\/musgoderoble.mx\/en\/product\/mascotas-sanas-y-felices\/","title":{"rendered":"Healthy and happy pets"},"content":{"rendered":"<p><span style=\"font-weight: 400;\">Como tratar a tu gato: Precauciones especiales con los gatos, tratamiento contra pulgas, garrapatas, calmar a mi gato con el uso de hidrosoles, champ\u00fa y acondicionador para gatos, o\u00eddos y heridas, como ayudar a tu gato. Champ\u00fa para tu perro con aceites esenciales, spray bucal para un aliento fresco, primeros auxilios y como tratarlos con aromaterapia, los aceites esenciales, aliados para calmar a mi perro y fortaleces la uni\u00f3n<\/span><\/p>\n<p><span style=\"font-weight: 400;\">Masaje para tu perro.\u00a0<\/span><\/p>\n<p><span style=\"font-weight: 400;\">Incluye: Manual completo explicativo a detalle.<\/span><\/p>\n<p><span style=\"font-weight: 400;\">Kit disponible con descuento<\/span><\/p>","protected":false},"excerpt":{"rendered":"<p>Modalidad: ONLINE<br \/>\nFecha:<br \/>\nPonente: Madeleine Fleury<br \/>\nHorario: 2 horas<br \/>\nPrecio: 785 MXN<\/p>","protected":false},"featured_media":1756,"comment_status":"open","ping_status":"closed","template":"","meta":[],"product_brand":[],"product_cat":[80,101,110],"product_tag":[],"class_list":{"0":"post-1751","1":"product","2":"type-product","3":"status-publish","4":"has-post-thumbnail","6":"product_cat-academia","7":"product_cat-en-linea","8":"product_cat-rituales-de-cuidado-personal","10":"first","11":"instock","12":"taxable","13":"shipping-taxable","14":"product-type-simple"},"_links":{"self":[{"href":"https:\/\/musgoderoble.mx\/en\/wp-json\/wp\/v2\/product\/1751","targetHints":{"allow":["GET"]}}],"collection":[{"href":"https:\/\/musgoderoble.mx\/en\/wp-json\/wp\/v2\/product"}],"about":[{"href":"https:\/\/musgoderoble.mx\/en\/wp-json\/wp\/v2\/types\/product"}],"replies":[{"embeddable":true,"href":"https:\/\/musgoderoble.mx\/en\/wp-json\/wp\/v2\/comments?post=1751"}],"wp:featuredmedia":[{"embeddable":true,"href":"https:\/\/musgoderoble.mx\/en\/wp-json\/wp\/v2\/media\/1756"}],"wp:attachment":[{"href":"https:\/\/musgoderoble.mx\/en\/wp-json\/wp\/v2\/media?parent=1751"}],"wp:term":[{"taxonomy":"product_brand","embeddable":true,"href":"https:\/\/musgoderoble.mx\/en\/wp-json\/wp\/v2\/product_brand?post=1751"},{"taxonomy":"product_cat","embeddable":true,"href":"https:\/\/musgoderoble.mx\/en\/wp-json\/wp\/v2\/product_cat?post=1751"},{"taxonomy":"product_tag","embeddable":true,"href":"https:\/\/musgoderoble.mx\/en\/wp-json\/wp\/v2\/product_tag?post=1751"}],"curies":[{"name":"wp","href":"https:\/\/api.w.org\/{rel}","templated":true}]}}