{"id":1758,"date":"2025-09-01T22:41:59","date_gmt":"2025-09-01T22:41:59","guid":{"rendered":"https:\/\/musgoderoble.mx\/?post_type=product&#038;p=1758"},"modified":"2025-12-11T14:54:38","modified_gmt":"2025-12-11T14:54:38","slug":"las-almas-de-los-ninos-necesitados-masterclass","status":"publish","type":"product","link":"https:\/\/musgoderoble.mx\/en\/product\/las-almas-de-los-ninos-necesitados-masterclass\/","title":{"rendered":"The souls of children in need"},"content":{"rendered":"<p><span style=\"font-weight: 400;\">Hoy en d\u00eda los ni\u00f1os se enfrentan a muchos retos de competitividad escolar y en casa la convivencia con los padres y hermanos. El acceso a mucha informaci\u00f3n electr\u00f3nica constante, los programas de televisi\u00f3n, el celular y el Tablet con la violencia subyacente generan en los ni\u00f1os estr\u00e9s infantil, sistema inmune m\u00e1s susceptible a infecciones. Dales a tus hijos un impulso extra para su salud, de forma natural con aromaterapia.\u00a0<\/span><\/p>\n<p><span style=\"font-weight: 400;\">Incluye: Recetario.<\/span><\/p>\n<p><span style=\"font-weight: 400;\">Kit \u201cNi\u00f1os sanos con aromaterapia\u201d- disponible con descuento-contiene acete para masaje calmante, b\u00e1lsamo para v\u00edas respiratorias, mezcla para Dormir bien y eliminar pesadillas, mezcla para inhalaci\u00f3n toses y gripas, spray \u201cAuch\u201d.\u00a0<\/span><\/p>","protected":false},"excerpt":{"rendered":"<p>\u201cNi\u00f1os sanos y felices con aromaterapia\u201d<br \/>\nAromaterapia para ni\u00f1os de 3 a 12 a\u00f1os<br \/>\nModalidad: ONLINE<br \/>\nFecha: 2 horas<br \/>\nHorario: de 6:30 am a 8:30 pm<br \/>\nUn regalo para su vida.<br \/>\nPrecio: 200 MXN<\/p>","protected":false},"featured_media":1010,"comment_status":"open","ping_status":"closed","template":"","meta":[],"product_brand":[],"product_cat":[111,80,101],"product_tag":[83],"class_list":{"0":"post-1758","1":"product","2":"type-product","3":"status-publish","4":"has-post-thumbnail","6":"product_cat-bienestar-y-salud-emocional","7":"product_cat-academia","8":"product_cat-en-linea","9":"product_tag-masterclass","11":"first","12":"instock","13":"taxable","14":"shipping-taxable","15":"product-type-simple"},"_links":{"self":[{"href":"https:\/\/musgoderoble.mx\/en\/wp-json\/wp\/v2\/product\/1758","targetHints":{"allow":["GET"]}}],"collection":[{"href":"https:\/\/musgoderoble.mx\/en\/wp-json\/wp\/v2\/product"}],"about":[{"href":"https:\/\/musgoderoble.mx\/en\/wp-json\/wp\/v2\/types\/product"}],"replies":[{"embeddable":true,"href":"https:\/\/musgoderoble.mx\/en\/wp-json\/wp\/v2\/comments?post=1758"}],"wp:featuredmedia":[{"embeddable":true,"href":"https:\/\/musgoderoble.mx\/en\/wp-json\/wp\/v2\/media\/1010"}],"wp:attachment":[{"href":"https:\/\/musgoderoble.mx\/en\/wp-json\/wp\/v2\/media?parent=1758"}],"wp:term":[{"taxonomy":"product_brand","embeddable":true,"href":"https:\/\/musgoderoble.mx\/en\/wp-json\/wp\/v2\/product_brand?post=1758"},{"taxonomy":"product_cat","embeddable":true,"href":"https:\/\/musgoderoble.mx\/en\/wp-json\/wp\/v2\/product_cat?post=1758"},{"taxonomy":"product_tag","embeddable":true,"href":"https:\/\/musgoderoble.mx\/en\/wp-json\/wp\/v2\/product_tag?post=1758"}],"curies":[{"name":"wp","href":"https:\/\/api.w.org\/{rel}","templated":true}]}}