{"id":1759,"date":"2025-09-01T22:43:38","date_gmt":"2025-09-01T22:43:38","guid":{"rendered":"https:\/\/musgoderoble.mx\/?post_type=product&#038;p=1759"},"modified":"2025-12-11T20:34:14","modified_gmt":"2025-12-11T20:34:14","slug":"sistema-inmune-fortalecelo","status":"publish","type":"product","link":"https:\/\/musgoderoble.mx\/en\/product\/sistema-inmune-fortalecelo\/","title":{"rendered":"Immune System \u2013 Strengthening It"},"content":{"rendered":"<p><span style=\"font-weight: 400;\">La salud de nuestro cuerpo depende de la fortaleza del sistema inmune, de la buena digesti\u00f3n y eliminaci\u00f3n. Por medio de protocolos de aromaterapia en masaje, en ba\u00f1os de pies y de forma oral e inhalada con los aceites esenciales anti virales, anti bacteriales y anti mic\u00f3ticos aprender\u00e1s a fortalecerte de una forma segura y efectiva<\/span><\/p>\n<p><span style=\"font-weight: 400;\">Incluye: Recetario<\/span><\/p>","protected":false},"excerpt":{"rendered":"<p>Modalidad: ONLINE<br \/>\nFecha: 2 horas<br \/>\nHorario: de 6:30 am a 8:30 pm<br \/>\nPrecio: 200 MXN<\/p>","protected":false},"featured_media":5160,"comment_status":"open","ping_status":"closed","template":"","meta":[],"product_brand":[],"product_cat":[109,80,101],"product_tag":[],"class_list":{"0":"post-1759","1":"product","2":"type-product","3":"status-publish","4":"has-post-thumbnail","6":"product_cat-aromaterapia-para-la-familia","7":"product_cat-academia","8":"product_cat-en-linea","10":"first","11":"instock","12":"taxable","13":"shipping-taxable","14":"product-type-simple"},"_links":{"self":[{"href":"https:\/\/musgoderoble.mx\/en\/wp-json\/wp\/v2\/product\/1759","targetHints":{"allow":["GET"]}}],"collection":[{"href":"https:\/\/musgoderoble.mx\/en\/wp-json\/wp\/v2\/product"}],"about":[{"href":"https:\/\/musgoderoble.mx\/en\/wp-json\/wp\/v2\/types\/product"}],"replies":[{"embeddable":true,"href":"https:\/\/musgoderoble.mx\/en\/wp-json\/wp\/v2\/comments?post=1759"}],"wp:featuredmedia":[{"embeddable":true,"href":"https:\/\/musgoderoble.mx\/en\/wp-json\/wp\/v2\/media\/5160"}],"wp:attachment":[{"href":"https:\/\/musgoderoble.mx\/en\/wp-json\/wp\/v2\/media?parent=1759"}],"wp:term":[{"taxonomy":"product_brand","embeddable":true,"href":"https:\/\/musgoderoble.mx\/en\/wp-json\/wp\/v2\/product_brand?post=1759"},{"taxonomy":"product_cat","embeddable":true,"href":"https:\/\/musgoderoble.mx\/en\/wp-json\/wp\/v2\/product_cat?post=1759"},{"taxonomy":"product_tag","embeddable":true,"href":"https:\/\/musgoderoble.mx\/en\/wp-json\/wp\/v2\/product_tag?post=1759"}],"curies":[{"name":"wp","href":"https:\/\/api.w.org\/{rel}","templated":true}]}}