{"id":1761,"date":"2025-09-01T22:48:26","date_gmt":"2025-09-01T22:48:26","guid":{"rendered":"https:\/\/musgoderoble.mx\/?post_type=product&#038;p=1761"},"modified":"2025-12-10T02:52:16","modified_gmt":"2025-12-10T02:52:16","slug":"duerme-bien-recuperate","status":"publish","type":"product","link":"https:\/\/musgoderoble.mx\/en\/product\/duerme-bien-recuperate\/","title":{"rendered":"Sleep well and recover"},"content":{"rendered":"<p><span style=\"font-weight: 400;\">El sue\u00f1o es vital para la salud f\u00edsica y emocional, aprende a dormir profundamente, a trav\u00e9s de rituales de terapia por medio de los aromas puros y naturales. \u00a0Estamos en el umbral de nuevos comienzos, algo viejo lleg\u00f3 a su fin. Aprender\u00e1s a trav\u00e9s del silencio y de la reflexi\u00f3n a encontrar tus nuevos caminos que te lleven a cosas grandiosas y una de ellas es el dormir bien y regenerar todo tu organismo\u00a0<\/span><\/p>\n<p><span style=\"font-weight: 400;\">Incluye: Recetario<\/span><\/p>","protected":false},"excerpt":{"rendered":"<p>Modalidad: ONLINE<br \/>\nFecha:<br \/>\nHorario: de 6:30 am a 8:30 pm<br \/>\nPrecio: 200 MXN<\/p>","protected":false},"featured_media":4037,"comment_status":"open","ping_status":"closed","template":"","meta":[],"product_brand":[],"product_cat":[108,109,80,101],"product_tag":[],"class_list":{"0":"post-1761","1":"product","2":"type-product","3":"status-publish","4":"has-post-thumbnail","6":"product_cat-aromaterapia-aplicada","7":"product_cat-aromaterapia-para-la-familia","8":"product_cat-academia","9":"product_cat-en-linea","11":"first","12":"instock","13":"taxable","14":"shipping-taxable","15":"product-type-simple"},"_links":{"self":[{"href":"https:\/\/musgoderoble.mx\/en\/wp-json\/wp\/v2\/product\/1761","targetHints":{"allow":["GET"]}}],"collection":[{"href":"https:\/\/musgoderoble.mx\/en\/wp-json\/wp\/v2\/product"}],"about":[{"href":"https:\/\/musgoderoble.mx\/en\/wp-json\/wp\/v2\/types\/product"}],"replies":[{"embeddable":true,"href":"https:\/\/musgoderoble.mx\/en\/wp-json\/wp\/v2\/comments?post=1761"}],"wp:featuredmedia":[{"embeddable":true,"href":"https:\/\/musgoderoble.mx\/en\/wp-json\/wp\/v2\/media\/4037"}],"wp:attachment":[{"href":"https:\/\/musgoderoble.mx\/en\/wp-json\/wp\/v2\/media?parent=1761"}],"wp:term":[{"taxonomy":"product_brand","embeddable":true,"href":"https:\/\/musgoderoble.mx\/en\/wp-json\/wp\/v2\/product_brand?post=1761"},{"taxonomy":"product_cat","embeddable":true,"href":"https:\/\/musgoderoble.mx\/en\/wp-json\/wp\/v2\/product_cat?post=1761"},{"taxonomy":"product_tag","embeddable":true,"href":"https:\/\/musgoderoble.mx\/en\/wp-json\/wp\/v2\/product_tag?post=1761"}],"curies":[{"name":"wp","href":"https:\/\/api.w.org\/{rel}","templated":true}]}}