{"id":1764,"date":"2025-09-01T22:56:56","date_gmt":"2025-09-01T22:56:56","guid":{"rendered":"https:\/\/musgoderoble.mx\/?post_type=product&#038;p=1764"},"modified":"2025-12-11T20:27:04","modified_gmt":"2025-12-11T20:27:04","slug":"del-estres-a-la-calma","status":"publish","type":"product","link":"https:\/\/musgoderoble.mx\/en\/product\/del-estres-a-la-calma\/","title":{"rendered":"From stress to calm"},"content":{"rendered":"<p><span style=\"font-weight: 400;\">Estr\u00e9s vs Distr\u00e9s.\u00a0 Cuando las circunstancias de tu vida se salen de control y el estado de protecci\u00f3n y de alerta se hace cr\u00f3nico, estamos sufriendo de Distr\u00e9s, el cual puede llevar a muchos problemas como, mala memoria, dolores y molestias frecuentes, problemas para dormir, dolores de cabeza, falta de energ\u00eda o concentraci\u00f3n, problemas sexuales, cansancio, problemas digestivos etc. Como pasar del Estr\u00e9s cr\u00f3nico a la Calma con rituales y pociones arom\u00e1ticas.<\/span><\/p>\n<p><span style=\"font-weight: 400;\">Incluye: Recetario<\/span><\/p>","protected":false},"excerpt":{"rendered":"<p>Modalidad: On-line<br \/>\nFecha: 2 horas<br \/>\nHorario: De 6:30 a 8:30 pm<br \/>\nPrecio: 200 MXN<\/p>","protected":false},"featured_media":3582,"comment_status":"open","ping_status":"closed","template":"","meta":[],"product_brand":[],"product_cat":[111,80,101],"product_tag":[83],"class_list":{"0":"post-1764","1":"product","2":"type-product","3":"status-publish","4":"has-post-thumbnail","6":"product_cat-bienestar-y-salud-emocional","7":"product_cat-academia","8":"product_cat-en-linea","9":"product_tag-masterclass","11":"first","12":"instock","13":"taxable","14":"shipping-taxable","15":"product-type-simple"},"_links":{"self":[{"href":"https:\/\/musgoderoble.mx\/en\/wp-json\/wp\/v2\/product\/1764","targetHints":{"allow":["GET"]}}],"collection":[{"href":"https:\/\/musgoderoble.mx\/en\/wp-json\/wp\/v2\/product"}],"about":[{"href":"https:\/\/musgoderoble.mx\/en\/wp-json\/wp\/v2\/types\/product"}],"replies":[{"embeddable":true,"href":"https:\/\/musgoderoble.mx\/en\/wp-json\/wp\/v2\/comments?post=1764"}],"wp:featuredmedia":[{"embeddable":true,"href":"https:\/\/musgoderoble.mx\/en\/wp-json\/wp\/v2\/media\/3582"}],"wp:attachment":[{"href":"https:\/\/musgoderoble.mx\/en\/wp-json\/wp\/v2\/media?parent=1764"}],"wp:term":[{"taxonomy":"product_brand","embeddable":true,"href":"https:\/\/musgoderoble.mx\/en\/wp-json\/wp\/v2\/product_brand?post=1764"},{"taxonomy":"product_cat","embeddable":true,"href":"https:\/\/musgoderoble.mx\/en\/wp-json\/wp\/v2\/product_cat?post=1764"},{"taxonomy":"product_tag","embeddable":true,"href":"https:\/\/musgoderoble.mx\/en\/wp-json\/wp\/v2\/product_tag?post=1764"}],"curies":[{"name":"wp","href":"https:\/\/api.w.org\/{rel}","templated":true}]}}