{"id":1765,"date":"2025-09-01T22:58:41","date_gmt":"2025-09-01T22:58:41","guid":{"rendered":"https:\/\/musgoderoble.mx\/?post_type=product&#038;p=1765"},"modified":"2025-12-10T02:32:22","modified_gmt":"2025-12-10T02:32:22","slug":"sanacion-emocional-y-aromaterapia","status":"publish","type":"product","link":"https:\/\/musgoderoble.mx\/en\/product\/sanacion-emocional-y-aromaterapia\/","title":{"rendered":"Emotional healing and aromatherapy"},"content":{"rendered":"<p><span style=\"font-weight: 400;\">Como navegar nuestra vida y conservarse en una sola pieza, El arte de oler y de mezclar, Posolog\u00eda, Dosificaci\u00f3n; Estados positivos -alerta, asertividad, concentraci\u00f3n, confianza, creatividad, enfoque, felicidad, alegria, paz, conciencia de s\u00ed mismo, auto estima, auto imagen; Estados negativos \u2013abuso, adicci\u00f3n, enojo, ansiedad, apat\u00eda, tristeza profunda, confusi\u00f3n, demencia, depresiones diversa, fatiga, miedo, duelo, obsesiones. T\u00e9cnicas de respiraci\u00f3n, Entrenamiento aut\u00f3geno.<\/span><\/p>\n<p><span style=\"font-weight: 400;\">Incluye: Recetario<\/span><\/p>\n<p><span style=\"font-weight: 400;\">Productos disponible con descuento<\/span><\/p>","protected":false},"excerpt":{"rendered":"<p>El camino directo a la psique<br \/>\nModalidad: Presencial<br \/>\nFecha:<br \/>\nHorario: 10:00 am a 2 pm<br \/>\nPrecio: 900 MXN<\/p>","protected":false},"featured_media":1580,"comment_status":"open","ping_status":"closed","template":"","meta":[],"product_brand":[],"product_cat":[117,80,102],"product_tag":[],"class_list":{"0":"post-1765","1":"product","2":"type-product","3":"status-publish","4":"has-post-thumbnail","6":"product_cat-cuidado-aromatico","7":"product_cat-academia","8":"product_cat-presencial","10":"first","11":"instock","12":"taxable","13":"shipping-taxable","14":"product-type-simple"},"_links":{"self":[{"href":"https:\/\/musgoderoble.mx\/en\/wp-json\/wp\/v2\/product\/1765","targetHints":{"allow":["GET"]}}],"collection":[{"href":"https:\/\/musgoderoble.mx\/en\/wp-json\/wp\/v2\/product"}],"about":[{"href":"https:\/\/musgoderoble.mx\/en\/wp-json\/wp\/v2\/types\/product"}],"replies":[{"embeddable":true,"href":"https:\/\/musgoderoble.mx\/en\/wp-json\/wp\/v2\/comments?post=1765"}],"wp:featuredmedia":[{"embeddable":true,"href":"https:\/\/musgoderoble.mx\/en\/wp-json\/wp\/v2\/media\/1580"}],"wp:attachment":[{"href":"https:\/\/musgoderoble.mx\/en\/wp-json\/wp\/v2\/media?parent=1765"}],"wp:term":[{"taxonomy":"product_brand","embeddable":true,"href":"https:\/\/musgoderoble.mx\/en\/wp-json\/wp\/v2\/product_brand?post=1765"},{"taxonomy":"product_cat","embeddable":true,"href":"https:\/\/musgoderoble.mx\/en\/wp-json\/wp\/v2\/product_cat?post=1765"},{"taxonomy":"product_tag","embeddable":true,"href":"https:\/\/musgoderoble.mx\/en\/wp-json\/wp\/v2\/product_tag?post=1765"}],"curies":[{"name":"wp","href":"https:\/\/api.w.org\/{rel}","templated":true}]}}