{"id":1766,"date":"2025-09-01T23:03:41","date_gmt":"2025-09-01T23:03:41","guid":{"rendered":"https:\/\/musgoderoble.mx\/?post_type=product&#038;p=1766"},"modified":"2025-12-11T20:41:22","modified_gmt":"2025-12-11T20:41:22","slug":"tiempo-activo-al-aire-libre","status":"publish","type":"product","link":"https:\/\/musgoderoble.mx\/en\/product\/tiempo-activo-al-aire-libre\/","title":{"rendered":"Active time \u2013 Outdoors"},"content":{"rendered":"<p><span style=\"font-weight: 400;\">La importancia de tratar el cuerpo antes y despu\u00e9s del ejercicio, con masaje y estiramientos. Aprender\u00e1n a maximizar tu rendimiento antes y durante el ejercicio o evento deportivo. Despu\u00e9s del ejercicio como recuperar los m\u00fasculos fatigados y adoloridos.\u00a0<\/span><\/p>\n<p><span style=\"font-weight: 400;\">Incluye: Recetario<\/span><\/p>\n<p><span style=\"font-weight: 400;\">Kit Deportistas disponible con descuento<\/span><\/p>","protected":false},"excerpt":{"rendered":"<p>Modalidad: On-line<br \/>\nFecha: 2 horas<br \/>\nHorario: De 6:30 a 8:30 pm<br \/>\nPrecio: 200 MXN<\/p>","protected":false},"featured_media":5166,"comment_status":"open","ping_status":"closed","template":"","meta":[],"product_brand":[],"product_cat":[80,101,110],"product_tag":[],"class_list":{"0":"post-1766","1":"product","2":"type-product","3":"status-publish","4":"has-post-thumbnail","6":"product_cat-academia","7":"product_cat-en-linea","8":"product_cat-rituales-de-cuidado-personal","10":"first","11":"instock","12":"taxable","13":"shipping-taxable","14":"product-type-simple"},"_links":{"self":[{"href":"https:\/\/musgoderoble.mx\/en\/wp-json\/wp\/v2\/product\/1766","targetHints":{"allow":["GET"]}}],"collection":[{"href":"https:\/\/musgoderoble.mx\/en\/wp-json\/wp\/v2\/product"}],"about":[{"href":"https:\/\/musgoderoble.mx\/en\/wp-json\/wp\/v2\/types\/product"}],"replies":[{"embeddable":true,"href":"https:\/\/musgoderoble.mx\/en\/wp-json\/wp\/v2\/comments?post=1766"}],"wp:featuredmedia":[{"embeddable":true,"href":"https:\/\/musgoderoble.mx\/en\/wp-json\/wp\/v2\/media\/5166"}],"wp:attachment":[{"href":"https:\/\/musgoderoble.mx\/en\/wp-json\/wp\/v2\/media?parent=1766"}],"wp:term":[{"taxonomy":"product_brand","embeddable":true,"href":"https:\/\/musgoderoble.mx\/en\/wp-json\/wp\/v2\/product_brand?post=1766"},{"taxonomy":"product_cat","embeddable":true,"href":"https:\/\/musgoderoble.mx\/en\/wp-json\/wp\/v2\/product_cat?post=1766"},{"taxonomy":"product_tag","embeddable":true,"href":"https:\/\/musgoderoble.mx\/en\/wp-json\/wp\/v2\/product_tag?post=1766"}],"curies":[{"name":"wp","href":"https:\/\/api.w.org\/{rel}","templated":true}]}}