{"id":1771,"date":"2025-09-01T23:15:54","date_gmt":"2025-09-01T23:15:54","guid":{"rendered":"https:\/\/musgoderoble.mx\/?post_type=product&#038;p=1771"},"modified":"2025-10-29T22:19:16","modified_gmt":"2025-10-29T22:19:16","slug":"saliva-y-el-impacto-en-el-ser-humano","status":"publish","type":"product","link":"https:\/\/musgoderoble.mx\/en\/product\/saliva-y-el-impacto-en-el-ser-humano\/","title":{"rendered":"SALIVA and its impact on humans"},"content":{"rendered":"<p><span style=\"font-weight: 400;\">La saliva en el campo de la nutrici\u00f3n, la importancia en la buena digesti\u00f3n, como mantener una \u00f3ptima producci\u00f3n de saliva, hierbas y aceites esenciales para equilibrar el PH de la saliva, un regalo de revitalizaci\u00f3n, el masaje de la boca y de las enc\u00edas para relajar y volver a sonre\u00edr f\u00e1cilmente<\/span><\/p>","protected":false},"excerpt":{"rendered":"<p>La salud empieza en la boca<br \/>\nModalidad: Presencial<br \/>\nFecha:<br \/>\nHorario: De 6:30 a 8:30 pm<br \/>\nPrecio: 250 MXN<\/p>","protected":false},"featured_media":2693,"comment_status":"open","ping_status":"closed","template":"","meta":[],"product_brand":[],"product_cat":[117,80,102],"product_tag":[],"class_list":{"0":"post-1771","1":"product","2":"type-product","3":"status-publish","4":"has-post-thumbnail","6":"product_cat-cuidado-aromatico","7":"product_cat-academia","8":"product_cat-presencial","10":"first","11":"instock","12":"taxable","13":"shipping-taxable","14":"product-type-simple"},"_links":{"self":[{"href":"https:\/\/musgoderoble.mx\/en\/wp-json\/wp\/v2\/product\/1771","targetHints":{"allow":["GET"]}}],"collection":[{"href":"https:\/\/musgoderoble.mx\/en\/wp-json\/wp\/v2\/product"}],"about":[{"href":"https:\/\/musgoderoble.mx\/en\/wp-json\/wp\/v2\/types\/product"}],"replies":[{"embeddable":true,"href":"https:\/\/musgoderoble.mx\/en\/wp-json\/wp\/v2\/comments?post=1771"}],"wp:featuredmedia":[{"embeddable":true,"href":"https:\/\/musgoderoble.mx\/en\/wp-json\/wp\/v2\/media\/2693"}],"wp:attachment":[{"href":"https:\/\/musgoderoble.mx\/en\/wp-json\/wp\/v2\/media?parent=1771"}],"wp:term":[{"taxonomy":"product_brand","embeddable":true,"href":"https:\/\/musgoderoble.mx\/en\/wp-json\/wp\/v2\/product_brand?post=1771"},{"taxonomy":"product_cat","embeddable":true,"href":"https:\/\/musgoderoble.mx\/en\/wp-json\/wp\/v2\/product_cat?post=1771"},{"taxonomy":"product_tag","embeddable":true,"href":"https:\/\/musgoderoble.mx\/en\/wp-json\/wp\/v2\/product_tag?post=1771"}],"curies":[{"name":"wp","href":"https:\/\/api.w.org\/{rel}","templated":true}]}}