{"id":1777,"date":"2025-09-01T23:21:52","date_gmt":"2025-09-01T23:21:52","guid":{"rendered":"https:\/\/musgoderoble.mx\/?post_type=product&#038;p=1777"},"modified":"2025-12-10T02:24:23","modified_gmt":"2025-12-10T02:24:23","slug":"dolor-de-cabeza-el-martillo-en-nuestra-cabeza","status":"publish","type":"product","link":"https:\/\/musgoderoble.mx\/en\/product\/dolor-de-cabeza-el-martillo-en-nuestra-cabeza\/","title":{"rendered":"Headache \u2013 The hammer in our head"},"content":{"rendered":"<p><span style=\"font-weight: 400;\">T\u00e9cnicas y pr\u00e1cticas de sanaci\u00f3n con aceites esenciales nos puede ayudar a prevenir y a aliviar la intensidad y duraci\u00f3n del ciclo del dolor o migra\u00f1a. Los dolores pueden ser causados por desajustes hormonales, contaminaci\u00f3n ambiental, estr\u00e9s, mala postura u otros.\u00a0 Masaje Shock glacial.<\/span><\/p>\n<p><span style=\"font-weight: 400;\">Incluye: Recetario y descripci\u00f3n del masaje<\/span><\/p>\n<p><span style=\"font-weight: 400;\">Disponible con descuento: roll-on Dolor de cabeza un aceite esencial de combinaci\u00f3n de tres mentas.<\/span><\/p>","protected":false},"excerpt":{"rendered":"<p>Modalidad: Presencial<br \/>\nPonente: Randy Barker<br \/>\nFecha:<br \/>\nHorario: De 6:30 a 8:30 pm<br \/>\nPrecio: 200 MXN<\/p>","protected":false},"featured_media":5058,"comment_status":"open","ping_status":"closed","template":"","meta":[],"product_brand":[],"product_cat":[117,80,102],"product_tag":[],"class_list":{"0":"post-1777","1":"product","2":"type-product","3":"status-publish","4":"has-post-thumbnail","6":"product_cat-cuidado-aromatico","7":"product_cat-academia","8":"product_cat-presencial","10":"first","11":"instock","12":"taxable","13":"shipping-taxable","14":"product-type-simple"},"_links":{"self":[{"href":"https:\/\/musgoderoble.mx\/en\/wp-json\/wp\/v2\/product\/1777","targetHints":{"allow":["GET"]}}],"collection":[{"href":"https:\/\/musgoderoble.mx\/en\/wp-json\/wp\/v2\/product"}],"about":[{"href":"https:\/\/musgoderoble.mx\/en\/wp-json\/wp\/v2\/types\/product"}],"replies":[{"embeddable":true,"href":"https:\/\/musgoderoble.mx\/en\/wp-json\/wp\/v2\/comments?post=1777"}],"wp:featuredmedia":[{"embeddable":true,"href":"https:\/\/musgoderoble.mx\/en\/wp-json\/wp\/v2\/media\/5058"}],"wp:attachment":[{"href":"https:\/\/musgoderoble.mx\/en\/wp-json\/wp\/v2\/media?parent=1777"}],"wp:term":[{"taxonomy":"product_brand","embeddable":true,"href":"https:\/\/musgoderoble.mx\/en\/wp-json\/wp\/v2\/product_brand?post=1777"},{"taxonomy":"product_cat","embeddable":true,"href":"https:\/\/musgoderoble.mx\/en\/wp-json\/wp\/v2\/product_cat?post=1777"},{"taxonomy":"product_tag","embeddable":true,"href":"https:\/\/musgoderoble.mx\/en\/wp-json\/wp\/v2\/product_tag?post=1777"}],"curies":[{"name":"wp","href":"https:\/\/api.w.org\/{rel}","templated":true}]}}