{"id":2900,"date":"2025-09-15T23:20:42","date_gmt":"2025-09-15T23:20:42","guid":{"rendered":"https:\/\/musgoderoble.mx\/?post_type=product&#038;p=2900"},"modified":"2026-01-21T19:23:57","modified_gmt":"2026-01-21T19:23:57","slug":"hemp-shampoo-capilar","status":"publish","type":"product","link":"https:\/\/musgoderoble.mx\/en\/product\/hemp-shampoo-capilar\/","title":{"rendered":"Hemp Hair Shampoo 300 ml"},"content":{"rendered":"<p><span style=\"font-weight: 400;\"><strong>Uses:<br \/>\n<\/strong>Dampen your hair<br \/>\nApply with circular motions until a creamy lather is achieved and<br \/>\nRinse with plenty of water<\/span><\/p>","protected":false},"excerpt":{"rendered":"<p>Gently cleanses and revitalizes the scalp with natural extracts and essential oils. Its formula with hemp seed oil, aloe, and rice protein strengthens, moisturizes, and restores natural shine to hair, leaving it soft and balanced.<\/p>\n<p>El aceite de Ca\u00f1amo aporta grandes beneficios al ser utilizado como ingrediente en shampoo ya que desempe\u00f1a un papel en la protecci\u00f3n del cabello da\u00f1ado evitando que el cabello absorba demasiada agua ayudando a prevenir la penetraci\u00f3n de ciertas sustancias en los fol\u00edculos pilosos, \u00a0tambi\u00e9n ayuda a previene la rotura del cabello mejorando la lubricaci\u00f3n del eje y la fuerza del peinado en el cabello mojado. Ayuda a hidratar el cabello, estimular el crecimiento del cabello fortalecer el cabello.<\/p>\n<p>Otro ingrediente de nuestro shampoo es aceite de semillas de uvas que es rico en vitaminas y antioxidantes, muy bueno para la piel y nutrir el pelo. Se ha demostrado que los beneficios que aporta el aceite de s\u00e1ndalo para el cabello est\u00e1n relacionados con su capacidad de aumentar el tiempo de crecimiento de las c\u00e9lulas del pelo.<\/p>","protected":false},"featured_media":3342,"comment_status":"open","ping_status":"closed","template":"","meta":[],"product_brand":[],"product_cat":[107],"product_tag":[],"class_list":{"0":"post-2900","1":"product","2":"type-product","3":"status-publish","4":"has-post-thumbnail","6":"product_cat-linea-de-canamo","8":"first","9":"instock","10":"taxable","11":"shipping-taxable","12":"purchasable","13":"product-type-simple"},"_links":{"self":[{"href":"https:\/\/musgoderoble.mx\/en\/wp-json\/wp\/v2\/product\/2900","targetHints":{"allow":["GET"]}}],"collection":[{"href":"https:\/\/musgoderoble.mx\/en\/wp-json\/wp\/v2\/product"}],"about":[{"href":"https:\/\/musgoderoble.mx\/en\/wp-json\/wp\/v2\/types\/product"}],"replies":[{"embeddable":true,"href":"https:\/\/musgoderoble.mx\/en\/wp-json\/wp\/v2\/comments?post=2900"}],"wp:featuredmedia":[{"embeddable":true,"href":"https:\/\/musgoderoble.mx\/en\/wp-json\/wp\/v2\/media\/3342"}],"wp:attachment":[{"href":"https:\/\/musgoderoble.mx\/en\/wp-json\/wp\/v2\/media?parent=2900"}],"wp:term":[{"taxonomy":"product_brand","embeddable":true,"href":"https:\/\/musgoderoble.mx\/en\/wp-json\/wp\/v2\/product_brand?post=2900"},{"taxonomy":"product_cat","embeddable":true,"href":"https:\/\/musgoderoble.mx\/en\/wp-json\/wp\/v2\/product_cat?post=2900"},{"taxonomy":"product_tag","embeddable":true,"href":"https:\/\/musgoderoble.mx\/en\/wp-json\/wp\/v2\/product_tag?post=2900"}],"curies":[{"name":"wp","href":"https:\/\/api.w.org\/{rel}","templated":true}]}}