{"id":2906,"date":"2025-09-15T23:23:52","date_gmt":"2025-09-15T23:23:52","guid":{"rendered":"https:\/\/musgoderoble.mx\/?post_type=product&#038;p=2906"},"modified":"2026-01-21T19:25:48","modified_gmt":"2026-01-21T19:25:48","slug":"hemp-acondionador-capilar-de-canamo-300-ml","status":"publish","type":"product","link":"https:\/\/musgoderoble.mx\/en\/product\/hemp-acondionador-capilar-de-canamo-300-ml\/","title":{"rendered":"Hemp Hair Conditioner 300 ml"},"content":{"rendered":"<p><strong>Uses:<\/strong><\/p>\n<p><span style=\"font-weight: 400;\"> After shampooing<br \/>\nApply the conditioner to your hair from roots to ends, massaging gently.<br \/>\nRinse with plenty of water.<\/span><\/p>\n<p>&nbsp;<\/p>","protected":false},"excerpt":{"rendered":"<p>Nourishes and detangles hair without weighing it down, leaving it silky and manageable. With hemp oil, coconut oil, and aloe vera, it repairs the hair fiber, adds natural shine, and helps maintain scalp hydration and balance.<\/p>\n<p>Formulado para dejar tu cabello suave y sedoso. Contiene uno de los grandes ingredientes que es aceite org\u00e1nico de C\u00e1\u00f1amo y sus \u00e1cidos grasos esenciales que ayudan a proteger la estructura capilar y aportan sedosidad al tratarse del acondicionador.<\/p>\n<p>Otro gran emoliente capilar es el aceite caprilico derivado del aceite de coco, ablanda la superficie de contacto y destaca su capacidad de una r\u00e1pida penetraci\u00f3n en sin dejar film grasiento.<\/p>\n<p>&nbsp;<\/p>","protected":false},"featured_media":3341,"comment_status":"open","ping_status":"closed","template":"","meta":[],"product_brand":[],"product_cat":[107],"product_tag":[],"class_list":{"0":"post-2906","1":"product","2":"type-product","3":"status-publish","4":"has-post-thumbnail","6":"product_cat-linea-de-canamo","8":"first","9":"instock","10":"taxable","11":"shipping-taxable","12":"purchasable","13":"product-type-simple"},"_links":{"self":[{"href":"https:\/\/musgoderoble.mx\/en\/wp-json\/wp\/v2\/product\/2906","targetHints":{"allow":["GET"]}}],"collection":[{"href":"https:\/\/musgoderoble.mx\/en\/wp-json\/wp\/v2\/product"}],"about":[{"href":"https:\/\/musgoderoble.mx\/en\/wp-json\/wp\/v2\/types\/product"}],"replies":[{"embeddable":true,"href":"https:\/\/musgoderoble.mx\/en\/wp-json\/wp\/v2\/comments?post=2906"}],"wp:featuredmedia":[{"embeddable":true,"href":"https:\/\/musgoderoble.mx\/en\/wp-json\/wp\/v2\/media\/3341"}],"wp:attachment":[{"href":"https:\/\/musgoderoble.mx\/en\/wp-json\/wp\/v2\/media?parent=2906"}],"wp:term":[{"taxonomy":"product_brand","embeddable":true,"href":"https:\/\/musgoderoble.mx\/en\/wp-json\/wp\/v2\/product_brand?post=2906"},{"taxonomy":"product_cat","embeddable":true,"href":"https:\/\/musgoderoble.mx\/en\/wp-json\/wp\/v2\/product_cat?post=2906"},{"taxonomy":"product_tag","embeddable":true,"href":"https:\/\/musgoderoble.mx\/en\/wp-json\/wp\/v2\/product_tag?post=2906"}],"curies":[{"name":"wp","href":"https:\/\/api.w.org\/{rel}","templated":true}]}}