{"id":2907,"date":"2025-09-15T23:21:20","date_gmt":"2025-09-15T23:21:20","guid":{"rendered":"https:\/\/musgoderoble.mx\/?post_type=product&#038;p=2907"},"modified":"2026-01-21T19:22:30","modified_gmt":"2026-01-21T19:22:30","slug":"hemp-gel-de-bano-de-canamo-300-ml","status":"publish","type":"product","link":"https:\/\/musgoderoble.mx\/en\/product\/hemp-gel-de-bano-de-canamo-300-ml\/","title":{"rendered":"Hemp Bath Gel 300 ml"},"content":{"rendered":"<p><span style=\"font-weight: 400;\"><strong>Uses:<br \/>\n<\/strong> Apply to your hands or a bath sponge<br \/>\nRub it on your body and face, enjoying the freshness and benefits for your skin.<br \/>\nRinse with plenty of water.<\/span><\/p>\n<p>&nbsp;<\/p>","protected":false},"excerpt":{"rendered":"<p>Gently cleanses and revitalizes the skin, leaving it feeling fresh and refreshed with every use. Enriched with hemp oil, aloe vera, and calendula, it moisturizes, soothes, and leaves skin soft, balanced, and delicately scented with natural notes of sandalwood and rose.<\/p>\n<p><strong>Rese\u00f1a:<\/strong><\/p>\n<p>Hoy en d\u00eda, el aceite de semilla de c\u00e1\u00f1amo se ha convertido en un producto de referencia para mejorar la salud de la piel. Los beneficios que el aceite aporta a la piel son muchos, entre ellos.<\/p>\n<p><strong>Efecto hidratante<\/strong><\/p>\n<p>Este es uno de los principales beneficios del aceite de semilla de c\u00e1\u00f1amo. Los investigadores han demostrado que es un humectante fuerte que ayuda a mantener la piel suave. En particular, a diferencia de otros tipos de aceites, el aceite de semilla de c\u00e1\u00f1amo hace que la piel se sienta firme y natural en lugar de grasa. El aceite es un fuerte antioxidante. Contiene \u00e1cidos grasos cruciales como el \u00e1cido linoleico y vitaminas que ayudan a brindar protecci\u00f3n adicional a la piel y promueven una regeneraci\u00f3n celular m\u00e1s r\u00e1pida que podr\u00eda ayudar a reducir los signos del envejecimiento.<\/p>\n<p><strong>Efecto antiinflamatorio<\/strong><\/p>\n<p>Se han demostrado beneficios antiinflamatorios cuando se aplica sobre la piel. Estudios recientes han sugerido que los \u00e1cidos omega-3 y omega-6 en el aceite podr\u00edan trabajar junto con los sistemas naturales del cuerpo para reducir mejor la inflamaci\u00f3n de la piel. Esta es una de las razones por las que se sugiere como alternativa recomendada para afecciones como el acn\u00e9, la psoriasis y la dermatitis at\u00f3pica.<\/p>","protected":false},"featured_media":3343,"comment_status":"open","ping_status":"closed","template":"","meta":[],"product_brand":[],"product_cat":[107],"product_tag":[],"class_list":{"0":"post-2907","1":"product","2":"type-product","3":"status-publish","4":"has-post-thumbnail","6":"product_cat-linea-de-canamo","8":"first","9":"instock","10":"taxable","11":"shipping-taxable","12":"purchasable","13":"product-type-simple"},"_links":{"self":[{"href":"https:\/\/musgoderoble.mx\/en\/wp-json\/wp\/v2\/product\/2907","targetHints":{"allow":["GET"]}}],"collection":[{"href":"https:\/\/musgoderoble.mx\/en\/wp-json\/wp\/v2\/product"}],"about":[{"href":"https:\/\/musgoderoble.mx\/en\/wp-json\/wp\/v2\/types\/product"}],"replies":[{"embeddable":true,"href":"https:\/\/musgoderoble.mx\/en\/wp-json\/wp\/v2\/comments?post=2907"}],"wp:featuredmedia":[{"embeddable":true,"href":"https:\/\/musgoderoble.mx\/en\/wp-json\/wp\/v2\/media\/3343"}],"wp:attachment":[{"href":"https:\/\/musgoderoble.mx\/en\/wp-json\/wp\/v2\/media?parent=2907"}],"wp:term":[{"taxonomy":"product_brand","embeddable":true,"href":"https:\/\/musgoderoble.mx\/en\/wp-json\/wp\/v2\/product_brand?post=2907"},{"taxonomy":"product_cat","embeddable":true,"href":"https:\/\/musgoderoble.mx\/en\/wp-json\/wp\/v2\/product_cat?post=2907"},{"taxonomy":"product_tag","embeddable":true,"href":"https:\/\/musgoderoble.mx\/en\/wp-json\/wp\/v2\/product_tag?post=2907"}],"curies":[{"name":"wp","href":"https:\/\/api.w.org\/{rel}","templated":true}]}}