{"id":2908,"date":"2025-09-15T23:22:09","date_gmt":"2025-09-15T23:22:09","guid":{"rendered":"https:\/\/musgoderoble.mx\/?post_type=product&#038;p=2908"},"modified":"2026-01-21T19:20:17","modified_gmt":"2026-01-21T19:20:17","slug":"hemp-crema-corporal-de-canamo-300-ml","status":"publish","type":"product","link":"https:\/\/musgoderoble.mx\/en\/product\/hemp-crema-corporal-de-canamo-300-ml\/","title":{"rendered":"Hemp Body Cream 300 ml"},"content":{"rendered":"<p><span style=\"font-weight: 400;\"><strong>Uses:<\/strong><br \/>\nApply a generous amount to the palm of your hand, then distribute it evenly over your entire body.<\/span><\/p>\n<p>&nbsp;<\/p>\n<p>&nbsp;<\/p>","protected":false},"excerpt":{"rendered":"<p>Gently cleanses and revitalizes the skin, leaving it feeling fresh and refreshed with every use. Enriched with hemp oil, aloe vera, and calendula, it moisturizes, soothes, and leaves skin soft, balanced, and delicately scented with natural notes of sandalwood and rose.<\/p>\n<p>Formulado con aceite org\u00e1nico de c\u00e1\u00f1amo. Dejar\u00e1 tu piel suave y terso debido a que el aceite de c\u00e1\u00f1amo va a mejor la salud de la piel gracias a sus vitaminas nutritivas y cualidades hidratantes principalmente de los \u00e1cidos grasos esenciales.<br \/>\nEl aceite de c\u00e1\u00f1amo es perfecto para la mayor\u00eda de los tipos de piel, ya que puede hidratar sin obstruir los poros. Incluso puede ayudar a equilibrar la piel grasa, hidratarla y regular la producci\u00f3n de grasa de la piel.<\/p>\n<p>El aceite de c\u00e1\u00f1amo puede prevenir la piel seca sin obstruir los poros. Esto ayuda a reducir el acn\u00e9 causado por el exceso de grasa lo mismo sucede en la piel de cuero cabelludo.<\/p>\n<p>Tambi\u00e9n hidrata y calma la inflamaci\u00f3n de la piel ya que contiene \u00e1cidos grasos omega-6 como es el \u00e1cido gamma-linol\u00e9nico (GLA), que act\u00faa como un poderoso antiinflamatorio al mismo tiempo que estimula el crecimiento de la piel y la generaci\u00f3n de nuevas c\u00e9lulas.<\/p>\n<p>Esto puede ayudar a calmar la inflamaci\u00f3n y la irritaci\u00f3n de la piel, incluido el acn\u00e9 y algunas afecciones como la psoriasis, mientras mantiene la piel nutrida e hidratada.<\/p>\n<p>Libre de qu\u00edmicos agresivos la crema ha sido formulada con activos naturales para humectar y proteger tu piel del medio ambiente.<\/p>\n<p>Trata la dermatitis at\u00f3pica.<br \/>\nParte de lo que hace que el aceite de c\u00e1\u00f1amo sea tan beneficioso para la piel es que es rico en \u00e1cidos grasos omega-6 y omega-3. El efecto de estos nutrientes puede ayudar a tratar afecciones de la piel como la dermatitis at\u00f3pica.<\/p>\n<p>&nbsp;<\/p>","protected":false},"featured_media":3344,"comment_status":"open","ping_status":"closed","template":"","meta":[],"product_brand":[],"product_cat":[107],"product_tag":[],"class_list":{"0":"post-2908","1":"product","2":"type-product","3":"status-publish","4":"has-post-thumbnail","6":"product_cat-linea-de-canamo","8":"first","9":"instock","10":"taxable","11":"shipping-taxable","12":"purchasable","13":"product-type-simple"},"_links":{"self":[{"href":"https:\/\/musgoderoble.mx\/en\/wp-json\/wp\/v2\/product\/2908","targetHints":{"allow":["GET"]}}],"collection":[{"href":"https:\/\/musgoderoble.mx\/en\/wp-json\/wp\/v2\/product"}],"about":[{"href":"https:\/\/musgoderoble.mx\/en\/wp-json\/wp\/v2\/types\/product"}],"replies":[{"embeddable":true,"href":"https:\/\/musgoderoble.mx\/en\/wp-json\/wp\/v2\/comments?post=2908"}],"wp:featuredmedia":[{"embeddable":true,"href":"https:\/\/musgoderoble.mx\/en\/wp-json\/wp\/v2\/media\/3344"}],"wp:attachment":[{"href":"https:\/\/musgoderoble.mx\/en\/wp-json\/wp\/v2\/media?parent=2908"}],"wp:term":[{"taxonomy":"product_brand","embeddable":true,"href":"https:\/\/musgoderoble.mx\/en\/wp-json\/wp\/v2\/product_brand?post=2908"},{"taxonomy":"product_cat","embeddable":true,"href":"https:\/\/musgoderoble.mx\/en\/wp-json\/wp\/v2\/product_cat?post=2908"},{"taxonomy":"product_tag","embeddable":true,"href":"https:\/\/musgoderoble.mx\/en\/wp-json\/wp\/v2\/product_tag?post=2908"}],"curies":[{"name":"wp","href":"https:\/\/api.w.org\/{rel}","templated":true}]}}