{"id":3523,"date":"2025-09-17T04:41:38","date_gmt":"2025-09-17T04:41:38","guid":{"rendered":"https:\/\/musgoderoble.mx\/?post_type=product&#038;p=3523"},"modified":"2025-11-19T17:26:23","modified_gmt":"2025-11-19T17:26:23","slug":"primavera-life-mezcla-aromatica-joy-of-life-blend-5-ml","status":"publish","type":"product","link":"https:\/\/musgoderoble.mx\/en\/product\/primavera-life-mezcla-aromatica-joy-of-life-blend-5-ml\/","title":{"rendered":"Blend Joy of Life 5 ml"},"content":{"rendered":"<div id=\"main-product-wrapper\" class=\"product-container js-product-container\">\n<div class=\"tabs product-tabs\">\n<div id=\"product-infos-tabs-content\" class=\"tab-content\">\n<div id=\"description\" class=\"tab-pane in active\">\n<div class=\"product-description\">\n<div class=\"rte-content\">\n<p>Sentir la pura alegr\u00eda de vivir en cada fibra. Una sensaci\u00f3n como si quisieras abrazar el mundo entero con alegr\u00eda y entusiasmo por la acci\u00f3n. Con la mezcla de fragancias Lust for Life, una fresca mezcla de pomelo, menta verde y lima, puedes aportar entusiasmo y alegr\u00eda a tu vida diaria. Una fragancia afrutada llena de ligereza que nos da ganas de hacer todo lo que nos inspira.<\/p>\n<\/div>\n<\/div>\n<\/div>\n<div id=\"product-details-tab\" class=\"tab-pane \">\n<div id=\"product-details\" class=\"clearfix js-product-details\" data-product=\"{&quot;id_shop_default&quot;:&quot;1&quot;,&quot;id_manufacturer&quot;:&quot;0&quot;,&quot;id_supplier&quot;:&quot;0&quot;,&quot;reference&quot;:&quot;18509&quot;,&quot;is_virtual&quot;:&quot;0&quot;,&quot;delivery_in_stock&quot;:&quot;&quot;,&quot;delivery_out_stock&quot;:&quot;&quot;,&quot;id_category_default&quot;:&quot;4&quot;,&quot;on_sale&quot;:&quot;0&quot;,&quot;online_only&quot;:&quot;0&quot;,&quot;ecotax&quot;:0,&quot;minimal_quantity&quot;:&quot;1&quot;,&quot;low_stock_threshold&quot;:&quot;0&quot;,&quot;low_stock_alert&quot;:&quot;0&quot;,&quot;price&quot;:&quot;12,22u00a0u20ac&quot;,&quot;unity&quot;:&quot;&quot;,&quot;unit_price_ratio&quot;:&quot;0.000000&quot;,&quot;additional_shipping_cost&quot;:&quot;0.000000&quot;,&quot;customizable&quot;:&quot;0&quot;,&quot;text_fields&quot;:&quot;0&quot;,&quot;uploadable_files&quot;:&quot;0&quot;,&quot;redirect_type&quot;:&quot;404&quot;,&quot;id_type_redirected&quot;:&quot;0&quot;,&quot;available_for_order&quot;:&quot;1&quot;,&quot;available_date&quot;:&quot;0000-00-00&quot;,&quot;show_condition&quot;:&quot;0&quot;,&quot;condition&quot;:&quot;new&quot;,&quot;show_price&quot;:&quot;1&quot;,&quot;indexed&quot;:&quot;1&quot;,&quot;visibility&quot;:&quot;both&quot;,&quot;cache_default_attribute&quot;:&quot;0&quot;,&quot;advanced_stock_management&quot;:&quot;0&quot;,&quot;date_add&quot;:&quot;2023-04-25 16:04:59&quot;,&quot;date_upd&quot;:&quot;2024-10-28 13:56:56&quot;,&quot;pack_stock_type&quot;:&quot;3&quot;,&quot;meta_description&quot;:&quot;Con Lust for Life, una fresca mezcla de pomelo, menta verde y lima, puedes aportar entusiasmo y alegru00eda a tu vida diaria. Una fragancia afrutada llena de ligereza que nos da ganas de hacer todo lo que nos inspira.&quot;,&quot;meta_keywords&quot;:&quot;&quot;,&quot;meta_title&quot;:&quot;Mezcla de aceites esenciales Vitalidad &quot;Joy of life&quot; 5ml&quot;,&quot;link_rewrite&quot;:&quot;mezcla-de-aceites-esenciales-vitalidad-joy-of-life-5ml&quot;,&quot;name&quot;:&quot;Mezcla de aceites esenciales Vitalidad &quot;Joy of life&quot; 5ml&quot;,&quot;description&quot;:&quot;&lt;p&gt;Sentir la pura alegru00eda de vivir en cada fibra. Una sensaciu00f3n como si quisieras abrazar el mundo entero con alegru00eda y entusiasmo por la acciu00f3n. Con la mezcla de fragancias Lust for Life, una fresca mezcla de pomelo, menta verde y lima, puedes aportar entusiasmo y alegru00eda a tu vida diaria. Una fragancia afrutada llena de ligereza que nos da ganas de hacer todo lo que nos inspira.&lt;\/p&gt;n&lt;p&gt;&lt;\/p&gt;n&lt;p&gt;Pomelo: para el buen humor&lt;\/p&gt;n&lt;p&gt;Menta verde: refrescante&lt;\/p&gt;n&lt;p&gt;Lima: levanta el u00e1nimo&lt;\/p&gt;&quot;,&quot;description_short&quot;:&quot;&lt;p&gt;Una fragancia afrutada llena de ligereza que nos da ganas de hacer todo lo que nos inspira.&lt;\/p&gt;n&lt;p&gt;Contiene: Pomelo, menta verde y lima.&lt;\/p&gt;&quot;,&quot;available_now&quot;:&quot;Disponible&quot;,&quot;available_later&quot;:&quot;&quot;,&quot;id&quot;:384,&quot;id_product&quot;:384,&quot;out_of_stock&quot;:2,&quot;new&quot;:0,&quot;id_product_attribute&quot;:&quot;0&quot;,&quot;quantity_wanted&quot;:1,&quot;extraContent&quot;:[{&quot;title&quot;:&quot;&lt;span class=&quot;iqitreviews-title float-left&quot;&gt;Reseu00f1as&lt;\/span&gt; &lt;span class=&quot;iqitreviews-nb&quot;&gt;(0)&lt;\/span&gt;&quot;,&quot;content&quot;:&quot;n&lt;div id=&quot;iqit-reviews&quot; class=&quot;mt-3&quot;&gt;nn    &lt;div id=&quot;iqit-reviews-top&quot;&gt;n        &lt;div class=&quot;row justify-content-between align-items-center&quot;&gt;nn            &lt;div class=&quot;col mb-3&quot;&gt;n                            &lt;div id=&quot;iqitreviews-snippet&quot;&gt;Sin reseu00f1as&lt;\/div&gt;n                    &lt;\/div&gt;nn        n    &lt;\/div&gt; &lt;!-- \/ .row --&gt;n&lt;\/div&gt;&lt;!-- \/ #iqit-reviews-top --&gt;nnn&lt;div class=&quot;col-xs-12 alert alert-success hidden-xs-up&quot;n     id=&quot;iqitreviews-productreview-form-success-alert&quot;&gt;n&lt;\/div&gt;nnnnnn&lt;\/div&gt;nn&quot;,&quot;attr&quot;:{&quot;id&quot;:&quot;iqit-reviews-tab&quot;,&quot;class&quot;:&quot;&quot;,&quot;data-iqitextra&quot;:&quot;iqit-reviews-tab&quot;},&quot;moduleName&quot;:&quot;iqitreviews&quot;}],&quot;allow_oosp&quot;:0,&quot;category&quot;:&quot;bienestar&quot;,&quot;category_name&quot;:&quot;Bienestar&quot;,&quot;link&quot;:&quot;https:\/\/www.primavera-life.es\/bienestar\/384-mezcla-de-aceites-esenciales-vitalidad-joy-of-life-5ml.html&quot;,&quot;attribute_price&quot;:0,&quot;price_tax_exc&quot;:10.099174,&quot;price_without_reduction&quot;:12.220001,&quot;reduction&quot;:0,&quot;specific_prices&quot;:[],&quot;quantity&quot;:4,&quot;quantity_all_versions&quot;:4,&quot;id_image&quot;:&quot;es-default&quot;,&quot;features&quot;:[],&quot;attachments&quot;:[],&quot;virtual&quot;:0,&quot;pack&quot;:0,&quot;packItems&quot;:[],&quot;nopackprice&quot;:0,&quot;customization_required&quot;:false,&quot;rate&quot;:21,&quot;tax_name&quot;:&quot;IVA ES 21%&quot;,&quot;ecotax_rate&quot;:0,&quot;unit_price&quot;:&quot;&quot;,&quot;customizations&quot;:{&quot;fields&quot;:[]},&quot;id_customization&quot;:0,&quot;is_customizable&quot;:false,&quot;show_quantities&quot;:true,&quot;quantity_label&quot;:&quot;Artu00edculos&quot;,&quot;quantity_discounts&quot;:[],&quot;customer_group_discount&quot;:0,&quot;images&quot;:[{&quot;bySize&quot;:{&quot;small_default&quot;:{&quot;url&quot;:&quot;https:\/\/www.primavera-life.es\/533-small_default\/mezcla-de-aceites-esenciales-vitalidad-joy-of-life-5ml.jpg&quot;,&quot;width&quot;:98,&quot;height&quot;:127},&quot;cart_default&quot;:{&quot;url&quot;:&quot;https:\/\/www.primavera-life.es\/533-cart_default\/mezcla-de-aceites-esenciales-vitalidad-joy-of-life-5ml.jpg&quot;,&quot;width&quot;:125,&quot;height&quot;:162},&quot;home_default&quot;:{&quot;url&quot;:&quot;https:\/\/www.primavera-life.es\/533-home_default\/mezcla-de-aceites-esenciales-vitalidad-joy-of-life-5ml.jpg&quot;,&quot;width&quot;:236,&quot;height&quot;:305},&quot;large_default&quot;:{&quot;url&quot;:&quot;https:\/\/www.primavera-life.es\/533-large_default\/mezcla-de-aceites-esenciales-vitalidad-joy-of-life-5ml.jpg&quot;,&quot;width&quot;:381,&quot;height&quot;:492},&quot;medium_default&quot;:{&quot;url&quot;:&quot;https:\/\/www.primavera-life.es\/533-medium_default\/mezcla-de-aceites-esenciales-vitalidad-joy-of-life-5ml.jpg&quot;,&quot;width&quot;:452,&quot;height&quot;:584},&quot;thickbox_default&quot;:{&quot;url&quot;:&quot;https:\/\/www.primavera-life.es\/533-thickbox_default\/mezcla-de-aceites-esenciales-vitalidad-joy-of-life-5ml.jpg&quot;,&quot;width&quot;:1100,&quot;height&quot;:1422}},&quot;small&quot;:{&quot;url&quot;:&quot;https:\/\/www.primavera-life.es\/533-small_default\/mezcla-de-aceites-esenciales-vitalidad-joy-of-life-5ml.jpg&quot;,&quot;width&quot;:98,&quot;height&quot;:127},&quot;medium&quot;:{&quot;url&quot;:&quot;https:\/\/www.primavera-life.es\/533-large_default\/mezcla-de-aceites-esenciales-vitalidad-joy-of-life-5ml.jpg&quot;,&quot;width&quot;:381,&quot;height&quot;:492},&quot;large&quot;:{&quot;url&quot;:&quot;https:\/\/www.primavera-life.es\/533-thickbox_default\/mezcla-de-aceites-esenciales-vitalidad-joy-of-life-5ml.jpg&quot;,&quot;width&quot;:1100,&quot;height&quot;:1422},&quot;legend&quot;:&quot;&quot;,&quot;id_image&quot;:&quot;533&quot;,&quot;cover&quot;:&quot;1&quot;,&quot;position&quot;:&quot;1&quot;,&quot;associatedVariants&quot;:[]}],&quot;cover&quot;:{&quot;bySize&quot;:{&quot;small_default&quot;:{&quot;url&quot;:&quot;https:\/\/www.primavera-life.es\/533-small_default\/mezcla-de-aceites-esenciales-vitalidad-joy-of-life-5ml.jpg&quot;,&quot;width&quot;:98,&quot;height&quot;:127},&quot;cart_default&quot;:{&quot;url&quot;:&quot;https:\/\/www.primavera-life.es\/533-cart_default\/mezcla-de-aceites-esenciales-vitalidad-joy-of-life-5ml.jpg&quot;,&quot;width&quot;:125,&quot;height&quot;:162},&quot;home_default&quot;:{&quot;url&quot;:&quot;https:\/\/www.primavera-life.es\/533-home_default\/mezcla-de-aceites-esenciales-vitalidad-joy-of-life-5ml.jpg&quot;,&quot;width&quot;:236,&quot;height&quot;:305},&quot;large_default&quot;:{&quot;url&quot;:&quot;https:\/\/www.primavera-life.es\/533-large_default\/mezcla-de-aceites-esenciales-vitalidad-joy-of-life-5ml.jpg&quot;,&quot;width&quot;:381,&quot;height&quot;:492},&quot;medium_default&quot;:{&quot;url&quot;:&quot;https:\/\/www.primavera-life.es\/533-medium_default\/mezcla-de-aceites-esenciales-vitalidad-joy-of-life-5ml.jpg&quot;,&quot;width&quot;:452,&quot;height&quot;:584},&quot;thickbox_default&quot;:{&quot;url&quot;:&quot;https:\/\/www.primavera-life.es\/533-thickbox_default\/mezcla-de-aceites-esenciales-vitalidad-joy-of-life-5ml.jpg&quot;,&quot;width&quot;:1100,&quot;height&quot;:1422}},&quot;small&quot;:{&quot;url&quot;:&quot;https:\/\/www.primavera-life.es\/533-small_default\/mezcla-de-aceites-esenciales-vitalidad-joy-of-life-5ml.jpg&quot;,&quot;width&quot;:98,&quot;height&quot;:127},&quot;medium&quot;:{&quot;url&quot;:&quot;https:\/\/www.primavera-life.es\/533-large_default\/mezcla-de-aceites-esenciales-vitalidad-joy-of-life-5ml.jpg&quot;,&quot;width&quot;:381,&quot;height&quot;:492},&quot;large&quot;:{&quot;url&quot;:&quot;https:\/\/www.primavera-life.es\/533-thickbox_default\/mezcla-de-aceites-esenciales-vitalidad-joy-of-life-5ml.jpg&quot;,&quot;width&quot;:1100,&quot;height&quot;:1422},&quot;legend&quot;:&quot;&quot;,&quot;id_image&quot;:&quot;533&quot;,&quot;cover&quot;:&quot;1&quot;,&quot;position&quot;:&quot;1&quot;,&quot;associatedVariants&quot;:[]},&quot;has_discount&quot;:false,&quot;discount_type&quot;:null,&quot;discount_percentage&quot;:null,&quot;discount_percentage_absolute&quot;:null,&quot;discount_amount&quot;:null,&quot;discount_amount_to_display&quot;:null,&quot;price_amount&quot;:12.22,&quot;unit_price_full&quot;:&quot;&quot;,&quot;show_availability&quot;:true,&quot;availability_date&quot;:null,&quot;availability_message&quot;:&quot;Disponible&quot;,&quot;availability&quot;:&quot;available&quot;}\">\n<div class=\"product-quantities\"><\/div>\n<div class=\"product-out-of-stock\"><\/div>\n<\/div>\n<\/div>\n<div id=\"extra-0\" class=\"tab-pane  in  \" data-iqitextra=\"iqit-reviews-tab\">\n<div id=\"iqit-reviews\" class=\"mt-3\">\n<div id=\"iqit-reviews-top\">\n<div class=\"row justify-content-between align-items-center\">\n<div class=\"col mb-3\">\n<div id=\"iqitreviews-snippet\"><\/div>\n<\/div>\n<\/div>\n<\/div>\n<\/div>\n<\/div>\n<\/div>\n<\/div>\n<div id=\"product-infos-accordion-mobile\" class=\"iqit-accordion\" role=\"tablist\" aria-multiselectable=\"true\"><\/div>\n<\/div>\n","protected":false},"excerpt":{"rendered":"<p>Una fragancia afrutada llena de ligereza que nos da ganas de hacer todo lo que nos inspira.<\/p>\n<p><strong>Contiene:<br \/>\n<\/strong><span style=\"font-size: 14.4px;\">Pomelo: para el buen humor<br \/>\n<\/span><span style=\"font-size: 14.4px;\">Menta verde: refrescante<br \/>\n<\/span><span style=\"font-size: 14.4px;\">Lima: levanta el \u00e1nimo<\/span><\/p>\n<div id=\"product-details-tab\" class=\"tab-pane \">\n<div id=\"product-details\" class=\"clearfix js-product-details\" data-product=\"{&quot;id_shop_default&quot;:&quot;1&quot;,&quot;id_manufacturer&quot;:&quot;0&quot;,&quot;id_supplier&quot;:&quot;0&quot;,&quot;reference&quot;:&quot;18509&quot;,&quot;is_virtual&quot;:&quot;0&quot;,&quot;delivery_in_stock&quot;:&quot;&quot;,&quot;delivery_out_stock&quot;:&quot;&quot;,&quot;id_category_default&quot;:&quot;4&quot;,&quot;on_sale&quot;:&quot;0&quot;,&quot;online_only&quot;:&quot;0&quot;,&quot;ecotax&quot;:0,&quot;minimal_quantity&quot;:&quot;1&quot;,&quot;low_stock_threshold&quot;:&quot;0&quot;,&quot;low_stock_alert&quot;:&quot;0&quot;,&quot;price&quot;:&quot;12,22u00a0u20ac&quot;,&quot;unity&quot;:&quot;&quot;,&quot;unit_price_ratio&quot;:&quot;0.000000&quot;,&quot;additional_shipping_cost&quot;:&quot;0.000000&quot;,&quot;customizable&quot;:&quot;0&quot;,&quot;text_fields&quot;:&quot;0&quot;,&quot;uploadable_files&quot;:&quot;0&quot;,&quot;redirect_type&quot;:&quot;404&quot;,&quot;id_type_redirected&quot;:&quot;0&quot;,&quot;available_for_order&quot;:&quot;1&quot;,&quot;available_date&quot;:&quot;0000-00-00&quot;,&quot;show_condition&quot;:&quot;0&quot;,&quot;condition&quot;:&quot;new&quot;,&quot;show_price&quot;:&quot;1&quot;,&quot;indexed&quot;:&quot;1&quot;,&quot;visibility&quot;:&quot;both&quot;,&quot;cache_default_attribute&quot;:&quot;0&quot;,&quot;advanced_stock_management&quot;:&quot;0&quot;,&quot;date_add&quot;:&quot;2023-04-25 16:04:59&quot;,&quot;date_upd&quot;:&quot;2024-10-28 13:56:56&quot;,&quot;pack_stock_type&quot;:&quot;3&quot;,&quot;meta_description&quot;:&quot;Con Lust for Life, una fresca mezcla de pomelo, menta verde y lima, puedes aportar entusiasmo y alegru00eda a tu vida diaria. Una fragancia afrutada llena de ligereza que nos da ganas de hacer todo lo que nos inspira.&quot;,&quot;meta_keywords&quot;:&quot;&quot;,&quot;meta_title&quot;:&quot;Mezcla de aceites esenciales Vitalidad &quot;Joy of life&quot; 5ml&quot;,&quot;link_rewrite&quot;:&quot;mezcla-de-aceites-esenciales-vitalidad-joy-of-life-5ml&quot;,&quot;name&quot;:&quot;Mezcla de aceites esenciales Vitalidad &quot;Joy of life&quot; 5ml&quot;,&quot;description&quot;:&quot;&lt;p&gt;Sentir la pura alegru00eda de vivir en cada fibra. Una sensaciu00f3n como si quisieras abrazar el mundo entero con alegru00eda y entusiasmo por la acciu00f3n. Con la mezcla de fragancias Lust for Life, una fresca mezcla de pomelo, menta verde y lima, puedes aportar entusiasmo y alegru00eda a tu vida diaria. Una fragancia afrutada llena de ligereza que nos da ganas de hacer todo lo que nos inspira.&lt;\/p&gt;n&lt;p&gt;&lt;\/p&gt;n&lt;p&gt;Pomelo: para el buen humor&lt;\/p&gt;n&lt;p&gt;Menta verde: refrescante&lt;\/p&gt;n&lt;p&gt;Lima: levanta el u00e1nimo&lt;\/p&gt;&quot;,&quot;description_short&quot;:&quot;&lt;p&gt;Una fragancia afrutada llena de ligereza que nos da ganas de hacer todo lo que nos inspira.&lt;\/p&gt;n&lt;p&gt;Contiene: Pomelo, menta verde y lima.&lt;\/p&gt;&quot;,&quot;available_now&quot;:&quot;Disponible&quot;,&quot;available_later&quot;:&quot;&quot;,&quot;id&quot;:384,&quot;id_product&quot;:384,&quot;out_of_stock&quot;:2,&quot;new&quot;:0,&quot;id_product_attribute&quot;:&quot;0&quot;,&quot;quantity_wanted&quot;:1,&quot;extraContent&quot;:[{&quot;title&quot;:&quot;&lt;span class=&quot;iqitreviews-title float-left&quot;&gt;Reseu00f1as&lt;\/span&gt; &lt;span class=&quot;iqitreviews-nb&quot;&gt;(0)&lt;\/span&gt;&quot;,&quot;content&quot;:&quot;n&lt;div id=&quot;iqit-reviews&quot; class=&quot;mt-3&quot;&gt;nn    &lt;div id=&quot;iqit-reviews-top&quot;&gt;n        &lt;div class=&quot;row justify-content-between align-items-center&quot;&gt;nn            &lt;div class=&quot;col mb-3&quot;&gt;n                            &lt;div id=&quot;iqitreviews-snippet&quot;&gt;Sin reseu00f1as&lt;\/div&gt;n                    &lt;\/div&gt;nn        n    &lt;\/div&gt; &lt;!-- \/ .row --&gt;n&lt;\/div&gt;&lt;!-- \/ #iqit-reviews-top --&gt;nnn&lt;div class=&quot;col-xs-12 alert alert-success hidden-xs-up&quot;n     id=&quot;iqitreviews-productreview-form-success-alert&quot;&gt;n&lt;\/div&gt;nnnnnn&lt;\/div&gt;nn&quot;,&quot;attr&quot;:{&quot;id&quot;:&quot;iqit-reviews-tab&quot;,&quot;class&quot;:&quot;&quot;,&quot;data-iqitextra&quot;:&quot;iqit-reviews-tab&quot;},&quot;moduleName&quot;:&quot;iqitreviews&quot;}],&quot;allow_oosp&quot;:0,&quot;category&quot;:&quot;bienestar&quot;,&quot;category_name&quot;:&quot;Bienestar&quot;,&quot;link&quot;:&quot;https:\/\/www.primavera-life.es\/bienestar\/384-mezcla-de-aceites-esenciales-vitalidad-joy-of-life-5ml.html&quot;,&quot;attribute_price&quot;:0,&quot;price_tax_exc&quot;:10.099174,&quot;price_without_reduction&quot;:12.220001,&quot;reduction&quot;:0,&quot;specific_prices&quot;:[],&quot;quantity&quot;:4,&quot;quantity_all_versions&quot;:4,&quot;id_image&quot;:&quot;es-default&quot;,&quot;features&quot;:[],&quot;attachments&quot;:[],&quot;virtual&quot;:0,&quot;pack&quot;:0,&quot;packItems&quot;:[],&quot;nopackprice&quot;:0,&quot;customization_required&quot;:false,&quot;rate&quot;:21,&quot;tax_name&quot;:&quot;IVA ES 21%&quot;,&quot;ecotax_rate&quot;:0,&quot;unit_price&quot;:&quot;&quot;,&quot;customizations&quot;:{&quot;fields&quot;:[]},&quot;id_customization&quot;:0,&quot;is_customizable&quot;:false,&quot;show_quantities&quot;:true,&quot;quantity_label&quot;:&quot;Artu00edculos&quot;,&quot;quantity_discounts&quot;:[],&quot;customer_group_discount&quot;:0,&quot;images&quot;:[{&quot;bySize&quot;:{&quot;small_default&quot;:{&quot;url&quot;:&quot;https:\/\/www.primavera-life.es\/533-small_default\/mezcla-de-aceites-esenciales-vitalidad-joy-of-life-5ml.jpg&quot;,&quot;width&quot;:98,&quot;height&quot;:127},&quot;cart_default&quot;:{&quot;url&quot;:&quot;https:\/\/www.primavera-life.es\/533-cart_default\/mezcla-de-aceites-esenciales-vitalidad-joy-of-life-5ml.jpg&quot;,&quot;width&quot;:125,&quot;height&quot;:162},&quot;home_default&quot;:{&quot;url&quot;:&quot;https:\/\/www.primavera-life.es\/533-home_default\/mezcla-de-aceites-esenciales-vitalidad-joy-of-life-5ml.jpg&quot;,&quot;width&quot;:236,&quot;height&quot;:305},&quot;large_default&quot;:{&quot;url&quot;:&quot;https:\/\/www.primavera-life.es\/533-large_default\/mezcla-de-aceites-esenciales-vitalidad-joy-of-life-5ml.jpg&quot;,&quot;width&quot;:381,&quot;height&quot;:492},&quot;medium_default&quot;:{&quot;url&quot;:&quot;https:\/\/www.primavera-life.es\/533-medium_default\/mezcla-de-aceites-esenciales-vitalidad-joy-of-life-5ml.jpg&quot;,&quot;width&quot;:452,&quot;height&quot;:584},&quot;thickbox_default&quot;:{&quot;url&quot;:&quot;https:\/\/www.primavera-life.es\/533-thickbox_default\/mezcla-de-aceites-esenciales-vitalidad-joy-of-life-5ml.jpg&quot;,&quot;width&quot;:1100,&quot;height&quot;:1422}},&quot;small&quot;:{&quot;url&quot;:&quot;https:\/\/www.primavera-life.es\/533-small_default\/mezcla-de-aceites-esenciales-vitalidad-joy-of-life-5ml.jpg&quot;,&quot;width&quot;:98,&quot;height&quot;:127},&quot;medium&quot;:{&quot;url&quot;:&quot;https:\/\/www.primavera-life.es\/533-large_default\/mezcla-de-aceites-esenciales-vitalidad-joy-of-life-5ml.jpg&quot;,&quot;width&quot;:381,&quot;height&quot;:492},&quot;large&quot;:{&quot;url&quot;:&quot;https:\/\/www.primavera-life.es\/533-thickbox_default\/mezcla-de-aceites-esenciales-vitalidad-joy-of-life-5ml.jpg&quot;,&quot;width&quot;:1100,&quot;height&quot;:1422},&quot;legend&quot;:&quot;&quot;,&quot;id_image&quot;:&quot;533&quot;,&quot;cover&quot;:&quot;1&quot;,&quot;position&quot;:&quot;1&quot;,&quot;associatedVariants&quot;:[]}],&quot;cover&quot;:{&quot;bySize&quot;:{&quot;small_default&quot;:{&quot;url&quot;:&quot;https:\/\/www.primavera-life.es\/533-small_default\/mezcla-de-aceites-esenciales-vitalidad-joy-of-life-5ml.jpg&quot;,&quot;width&quot;:98,&quot;height&quot;:127},&quot;cart_default&quot;:{&quot;url&quot;:&quot;https:\/\/www.primavera-life.es\/533-cart_default\/mezcla-de-aceites-esenciales-vitalidad-joy-of-life-5ml.jpg&quot;,&quot;width&quot;:125,&quot;height&quot;:162},&quot;home_default&quot;:{&quot;url&quot;:&quot;https:\/\/www.primavera-life.es\/533-home_default\/mezcla-de-aceites-esenciales-vitalidad-joy-of-life-5ml.jpg&quot;,&quot;width&quot;:236,&quot;height&quot;:305},&quot;large_default&quot;:{&quot;url&quot;:&quot;https:\/\/www.primavera-life.es\/533-large_default\/mezcla-de-aceites-esenciales-vitalidad-joy-of-life-5ml.jpg&quot;,&quot;width&quot;:381,&quot;height&quot;:492},&quot;medium_default&quot;:{&quot;url&quot;:&quot;https:\/\/www.primavera-life.es\/533-medium_default\/mezcla-de-aceites-esenciales-vitalidad-joy-of-life-5ml.jpg&quot;,&quot;width&quot;:452,&quot;height&quot;:584},&quot;thickbox_default&quot;:{&quot;url&quot;:&quot;https:\/\/www.primavera-life.es\/533-thickbox_default\/mezcla-de-aceites-esenciales-vitalidad-joy-of-life-5ml.jpg&quot;,&quot;width&quot;:1100,&quot;height&quot;:1422}},&quot;small&quot;:{&quot;url&quot;:&quot;https:\/\/www.primavera-life.es\/533-small_default\/mezcla-de-aceites-esenciales-vitalidad-joy-of-life-5ml.jpg&quot;,&quot;width&quot;:98,&quot;height&quot;:127},&quot;medium&quot;:{&quot;url&quot;:&quot;https:\/\/www.primavera-life.es\/533-large_default\/mezcla-de-aceites-esenciales-vitalidad-joy-of-life-5ml.jpg&quot;,&quot;width&quot;:381,&quot;height&quot;:492},&quot;large&quot;:{&quot;url&quot;:&quot;https:\/\/www.primavera-life.es\/533-thickbox_default\/mezcla-de-aceites-esenciales-vitalidad-joy-of-life-5ml.jpg&quot;,&quot;width&quot;:1100,&quot;height&quot;:1422},&quot;legend&quot;:&quot;&quot;,&quot;id_image&quot;:&quot;533&quot;,&quot;cover&quot;:&quot;1&quot;,&quot;position&quot;:&quot;1&quot;,&quot;associatedVariants&quot;:[]},&quot;has_discount&quot;:false,&quot;discount_type&quot;:null,&quot;discount_percentage&quot;:null,&quot;discount_percentage_absolute&quot;:null,&quot;discount_amount&quot;:null,&quot;discount_amount_to_display&quot;:null,&quot;price_amount&quot;:12.22,&quot;unit_price_full&quot;:&quot;&quot;,&quot;show_availability&quot;:true,&quot;availability_date&quot;:null,&quot;availability_message&quot;:&quot;Disponible&quot;,&quot;availability&quot;:&quot;available&quot;}\">\n<div class=\"product-reference\"><\/div>\n<\/div>\n<\/div>\n","protected":false},"featured_media":3524,"comment_status":"open","ping_status":"closed","template":"","meta":[],"product_brand":[99],"product_cat":[69,95],"product_tag":[],"class_list":{"0":"post-3523","1":"product","2":"type-product","3":"status-publish","4":"has-post-thumbnail","6":"product_brand-primavera-life","7":"product_cat-mezclas-aromaticas","8":"product_cat-primavera-life","10":"first","11":"outofstock","12":"taxable","13":"shipping-taxable","14":"purchasable","15":"product-type-simple"},"_links":{"self":[{"href":"https:\/\/musgoderoble.mx\/en\/wp-json\/wp\/v2\/product\/3523","targetHints":{"allow":["GET"]}}],"collection":[{"href":"https:\/\/musgoderoble.mx\/en\/wp-json\/wp\/v2\/product"}],"about":[{"href":"https:\/\/musgoderoble.mx\/en\/wp-json\/wp\/v2\/types\/product"}],"replies":[{"embeddable":true,"href":"https:\/\/musgoderoble.mx\/en\/wp-json\/wp\/v2\/comments?post=3523"}],"wp:featuredmedia":[{"embeddable":true,"href":"https:\/\/musgoderoble.mx\/en\/wp-json\/wp\/v2\/media\/3524"}],"wp:attachment":[{"href":"https:\/\/musgoderoble.mx\/en\/wp-json\/wp\/v2\/media?parent=3523"}],"wp:term":[{"taxonomy":"product_brand","embeddable":true,"href":"https:\/\/musgoderoble.mx\/en\/wp-json\/wp\/v2\/product_brand?post=3523"},{"taxonomy":"product_cat","embeddable":true,"href":"https:\/\/musgoderoble.mx\/en\/wp-json\/wp\/v2\/product_cat?post=3523"},{"taxonomy":"product_tag","embeddable":true,"href":"https:\/\/musgoderoble.mx\/en\/wp-json\/wp\/v2\/product_tag?post=3523"}],"curies":[{"name":"wp","href":"https:\/\/api.w.org\/{rel}","templated":true}]}}