{"id":482,"date":"2025-09-18T01:19:38","date_gmt":"2025-09-18T01:19:38","guid":{"rendered":"https:\/\/musgoderoble.mx\/?post_type=product&#038;p=482"},"modified":"2026-01-12T15:38:25","modified_gmt":"2026-01-12T15:38:25","slug":"mirra-commiphora-molmol-5ml","status":"publish","type":"product","link":"https:\/\/musgoderoble.mx\/en\/product\/mirra-commiphora-molmol-5ml\/","title":{"rendered":"Myrrh \u2013 Commiphora molmol 5ml"},"content":{"rendered":"<p>Use for chronic coughs and as a massage for tired legs.<br \/>\n<strong><em>Properties:<\/em><\/strong>Antiviral, anti-inflammatory, antiaphrodisiac, antimicrobial, antiphlogistic, antiseptic, astringent, balsamic, carminative, cicatrizant, expectorant, fungicidal, tonic, uterine, vulnerary, mucolytic, sedative for the nervous system, adaptogenic, and thyroid function regulator.<br \/>\n<strong>*<em>*On the skin:<\/em><\/strong> Highly prized for accelerating the healing of wounds, sores, and eczema, as well as chapped skin. Excellent for mature and wrinkled skin.<br \/>\n<strong><em>Inhaled:<\/em><\/strong> Astringent and antiseptic for the lungs, sore throats, catarrh and chronic bronchitis. Combines well with <strong>Frankincense<\/strong>,<strong> Ravensara,<\/strong> or <strong>Rosemary,<\/strong> to enhance its therapeutic effect.<br \/>\nFor spiritual work in <strong>*meditation,<\/strong>it stimulates the higher chakras.<br \/>\n<strong><em>*Do not use<\/em><\/strong> during pregnancy.<\/p>\n<p>&nbsp;<\/p>\n<p>&nbsp;<\/p>","protected":false},"excerpt":{"rendered":"<p><strong>Aromatic profile:<\/strong> Bitter, sweet, deep, balsamic<br \/>\n<strong>Note:<\/strong> base.<br \/>\n<strong>Quality:<\/strong> Organic, vegan.<br \/>\n<strong>Country of origin:<\/strong>\u00a0Ethiopia\/Somalia<br \/>\n<strong>Extraction:<\/strong>\u00a0Steam distillation of the resin.<br \/>\n<strong>Suggested uses:<\/strong> Add 2 drops of Myrrh essential oil to a bowl of hot water and inhale the steam for 4 minutes. The effects are extraordinary in cases of chronic cough. Massage tired legs with a blend of 20 drops of Myrrh in 50 ml of oil <strong>Almond.<\/strong>.<br \/>\n<strong>Frankincense, Sandalwood, Benzoin, Cypress, Mandarin, Juniper, Rose geranium, Patchouli, Thyme, Mint, Lavender, Pine, Galbanum, Spearmint, Tea Tree, Ravintsara, Rosemary, Hyssop, Vetiver.<\/strong>: Frankincienso, S\u00e1ndalo, Benju\u00ed, Cipr\u00e9s, Mandarina, Enebro, Rosageranio, Pachuli, Tomillos, Menta, Lavanda, Pinos, Galbano, Hierba buena,\u00a0 \u00c1rbol del T\u00e9, Ravintsara, Romero, Hisopo, Vetiver.<\/p>","protected":false},"featured_media":3477,"comment_status":"open","ping_status":"closed","template":"","meta":[],"product_brand":[99],"product_cat":[74,95,15],"product_tag":[],"class_list":{"0":"post-482","1":"product","2":"type-product","3":"status-publish","4":"has-post-thumbnail","6":"product_brand-primavera-life","7":"product_cat-aceites-esenciales","8":"product_cat-primavera-life","9":"product_cat-todos-productos","11":"first","12":"instock","13":"taxable","14":"shipping-taxable","15":"purchasable","16":"product-type-simple"},"_links":{"self":[{"href":"https:\/\/musgoderoble.mx\/en\/wp-json\/wp\/v2\/product\/482","targetHints":{"allow":["GET"]}}],"collection":[{"href":"https:\/\/musgoderoble.mx\/en\/wp-json\/wp\/v2\/product"}],"about":[{"href":"https:\/\/musgoderoble.mx\/en\/wp-json\/wp\/v2\/types\/product"}],"replies":[{"embeddable":true,"href":"https:\/\/musgoderoble.mx\/en\/wp-json\/wp\/v2\/comments?post=482"}],"wp:featuredmedia":[{"embeddable":true,"href":"https:\/\/musgoderoble.mx\/en\/wp-json\/wp\/v2\/media\/3477"}],"wp:attachment":[{"href":"https:\/\/musgoderoble.mx\/en\/wp-json\/wp\/v2\/media?parent=482"}],"wp:term":[{"taxonomy":"product_brand","embeddable":true,"href":"https:\/\/musgoderoble.mx\/en\/wp-json\/wp\/v2\/product_brand?post=482"},{"taxonomy":"product_cat","embeddable":true,"href":"https:\/\/musgoderoble.mx\/en\/wp-json\/wp\/v2\/product_cat?post=482"},{"taxonomy":"product_tag","embeddable":true,"href":"https:\/\/musgoderoble.mx\/en\/wp-json\/wp\/v2\/product_tag?post=482"}],"curies":[{"name":"wp","href":"https:\/\/api.w.org\/{rel}","templated":true}]}}