{"id":483,"date":"2025-09-17T04:14:38","date_gmt":"2025-09-17T04:14:38","guid":{"rendered":"https:\/\/musgoderoble.mx\/?post_type=product&#038;p=483"},"modified":"2026-01-12T16:03:44","modified_gmt":"2026-01-12T16:03:44","slug":"canamo-hemp-seed-oil","status":"publish","type":"product","link":"https:\/\/musgoderoble.mx\/en\/product\/canamo-hemp-seed-oil\/","title":{"rendered":"C\u00e1\u00f1amo \u2013 Hemp seed oil 50 ml"},"content":{"rendered":"<p>Aceite de C\u00e1\u00f1amo \u2013 Hemp seed oil<br \/>\nSi quieres introducir este\u00a0aceite\u00a0en tu rutina de cuidado facial, es muy f\u00e1cil, solo tienes que\u00a0aplicar\u00a0dos o tres gotas sobre la\u00a0piel\u00a0limpia, despu\u00e9s del limpiador, del t\u00f3nico y del s\u00e9rum, con un suave masaje, durante tu rutina de d\u00eda o por la noche<br \/>\nTransfiere ox\u00edgeno a todas las c\u00e9lulas del cuerpo, da claridad en los procesos mentales.<br \/>\nLubrica y elimina el colesterol da\u00f1ino de las arterias, fortalece el sistema inmune, fortalece el sistema inmune y ayuda a prevenir la infecci\u00f3n por virus, bacterias y hongos<\/p>\n<ul>\n<li>Gran fuente de prote\u00ednas.<\/li>\n<li>Gran fuente de \u00e1cidos grasos esenciales.<\/li>\n<li>Es un gran hidratante para la piel y el cabello.<\/li>\n<li>Alivia y calma diferentes afecciones de la piel (picor, eccema, psoriasis, acn\u00e9, caspa, piel seca)<\/li>\n<li>Mejora y refuerza el aspecto de las u\u00f1as<\/li>\n<\/ul>\n<p>Lubrica y elimina el colesterol da\u00f1ino de las arterias, fortalece el sistema inmune, fortalece el sistema inmune y ayuda a prevenir la infecci\u00f3n por virus, bacterias y hongos<\/p>","protected":false},"excerpt":{"rendered":"<p><strong>Caracter<span class=\"s1\">\u00ed<\/span>sticas:<\/strong> Tiene un sabor a nuez, mas verde el color, el sabor ser\u00e1 m\u00e1s a pasto<br \/>\n<strong>Extraction: <\/strong>La producci\u00f3n moderna del aceite de Hemp se hace principalmente en Canad\u00e1, con niveles de THC muy bajos, solamente 4 ppm.<br \/>\n<strong><strong style=\"font-size: 14.4px;\">Part used:<\/strong><\/strong><span style=\"font-size: 14.4px;\"> seed.<\/span><br \/>\n<strong>Suggested uses: <\/strong>Altamente nutritivo sist\u00e9mico y t\u00f3pico para la piel<\/p>","protected":false},"featured_media":3357,"comment_status":"open","ping_status":"closed","template":"","meta":[],"product_brand":[99],"product_cat":[75,95,15],"product_tag":[],"class_list":{"0":"post-483","1":"product","2":"type-product","3":"status-publish","4":"has-post-thumbnail","6":"product_brand-primavera-life","7":"product_cat-aceites-bases","8":"product_cat-primavera-life","9":"product_cat-todos-productos","11":"first","12":"instock","13":"taxable","14":"shipping-taxable","15":"purchasable","16":"product-type-simple"},"_links":{"self":[{"href":"https:\/\/musgoderoble.mx\/en\/wp-json\/wp\/v2\/product\/483","targetHints":{"allow":["GET"]}}],"collection":[{"href":"https:\/\/musgoderoble.mx\/en\/wp-json\/wp\/v2\/product"}],"about":[{"href":"https:\/\/musgoderoble.mx\/en\/wp-json\/wp\/v2\/types\/product"}],"replies":[{"embeddable":true,"href":"https:\/\/musgoderoble.mx\/en\/wp-json\/wp\/v2\/comments?post=483"}],"wp:featuredmedia":[{"embeddable":true,"href":"https:\/\/musgoderoble.mx\/en\/wp-json\/wp\/v2\/media\/3357"}],"wp:attachment":[{"href":"https:\/\/musgoderoble.mx\/en\/wp-json\/wp\/v2\/media?parent=483"}],"wp:term":[{"taxonomy":"product_brand","embeddable":true,"href":"https:\/\/musgoderoble.mx\/en\/wp-json\/wp\/v2\/product_brand?post=483"},{"taxonomy":"product_cat","embeddable":true,"href":"https:\/\/musgoderoble.mx\/en\/wp-json\/wp\/v2\/product_cat?post=483"},{"taxonomy":"product_tag","embeddable":true,"href":"https:\/\/musgoderoble.mx\/en\/wp-json\/wp\/v2\/product_tag?post=483"}],"curies":[{"name":"wp","href":"https:\/\/api.w.org\/{rel}","templated":true}]}}