{"id":484,"date":"2025-09-17T01:30:38","date_gmt":"2025-09-17T01:30:38","guid":{"rendered":"https:\/\/musgoderoble.mx\/?post_type=product&#038;p=484"},"modified":"2026-01-12T16:08:34","modified_gmt":"2026-01-12T16:08:34","slug":"hidrosol-sos-30ml","status":"publish","type":"product","link":"https:\/\/musgoderoble.mx\/en\/product\/hidrosol-sos-30ml\/","title":{"rendered":"Hydrosol SOS 30 ml"},"content":{"rendered":"<p><span style=\"color: #333333;\">Our rescue remedy in a convenient size to take anywhere!<\/span><\/p>\n<p id=\"tw-target-text\" class=\"tw-data-text tw-text-large tw-ta\" dir=\"ltr\" data-placeholder=\"Translation\" aria-label=\"SOS Hydrosol, with its fresh fragrance, balances the soul and soothes the skin. Its balancing composition, composed of organic Rose petal, organic Orange blossom and organic Witch hazel waters, has a calming and relaxing effect. Its convenient 30ml size is ideal to take with you, hydrating the skin and offering respite anywhere.\" data-ved=\"2ahUKEwiTm_yhxv6OAxWgJ0QIHYksOkYQ3ewLegQICRAV\"><span class=\"Y2IQFc\" lang=\"es\">The <strong>brisa SOS<\/strong>, con su fresca fragancia, equilibra el alma y calma la piel. Su composici\u00f3n equilibrante, compuesta por aguas vegetales org\u00e1nicas de p\u00e9talos de rosa, azahar y hammamelis, tiene un efecto calmante y relajante. Su pr\u00e1ctico formato de 30 ml es ideal para llevar contigo, hidrata la piel y te ofrece un respiro en cualquier lugar.<\/span><\/p>\n<p dir=\"ltr\" data-placeholder=\"Translation\" aria-label=\"SOS Hydrosol, with its fresh fragrance, balances the soul and soothes the skin. Its balancing composition, composed of organic Rose petal, organic Orange blossom and organic Witch hazel waters, has a calming and relaxing effect. Its convenient 30ml size is ideal to take with you, hydrating the skin and offering respite anywhere.\" data-ved=\"2ahUKEwiTm_yhxv6OAxWgJ0QIHYksOkYQ3ewLegQICRAV\">","protected":false},"excerpt":{"rendered":"<p><strong>Quality:<\/strong> <span style=\"font-weight: 400;\">Organic.<\/span><\/p>\n<p><strong>Uses:<\/strong><span style=\"font-weight: 400;\"> Spray near the face to relieve emotional problems immediately; Exhaustion &amp; stress, relaxation &amp; regeneration.<\/span><\/p>","protected":false},"featured_media":3392,"comment_status":"open","ping_status":"closed","template":"","meta":[],"product_brand":[99],"product_cat":[76,95,15],"product_tag":[],"class_list":{"0":"post-484","1":"product","2":"type-product","3":"status-publish","4":"has-post-thumbnail","6":"product_brand-primavera-life","7":"product_cat-hidrosoles","8":"product_cat-primavera-life","9":"product_cat-todos-productos","11":"first","12":"instock","13":"taxable","14":"shipping-taxable","15":"purchasable","16":"product-type-simple"},"_links":{"self":[{"href":"https:\/\/musgoderoble.mx\/en\/wp-json\/wp\/v2\/product\/484","targetHints":{"allow":["GET"]}}],"collection":[{"href":"https:\/\/musgoderoble.mx\/en\/wp-json\/wp\/v2\/product"}],"about":[{"href":"https:\/\/musgoderoble.mx\/en\/wp-json\/wp\/v2\/types\/product"}],"replies":[{"embeddable":true,"href":"https:\/\/musgoderoble.mx\/en\/wp-json\/wp\/v2\/comments?post=484"}],"wp:featuredmedia":[{"embeddable":true,"href":"https:\/\/musgoderoble.mx\/en\/wp-json\/wp\/v2\/media\/3392"}],"wp:attachment":[{"href":"https:\/\/musgoderoble.mx\/en\/wp-json\/wp\/v2\/media?parent=484"}],"wp:term":[{"taxonomy":"product_brand","embeddable":true,"href":"https:\/\/musgoderoble.mx\/en\/wp-json\/wp\/v2\/product_brand?post=484"},{"taxonomy":"product_cat","embeddable":true,"href":"https:\/\/musgoderoble.mx\/en\/wp-json\/wp\/v2\/product_cat?post=484"},{"taxonomy":"product_tag","embeddable":true,"href":"https:\/\/musgoderoble.mx\/en\/wp-json\/wp\/v2\/product_tag?post=484"}],"curies":[{"name":"wp","href":"https:\/\/api.w.org\/{rel}","templated":true}]}}