{"id":506,"date":"2025-09-18T01:42:58","date_gmt":"2025-09-18T01:42:58","guid":{"rendered":"https:\/\/musgoderoble.mx\/?post_type=product&#038;p=506"},"modified":"2026-01-12T15:32:44","modified_gmt":"2026-01-12T15:32:44","slug":"cedro-cedrus-atlantica-5ml","status":"publish","type":"product","link":"https:\/\/musgoderoble.mx\/en\/product\/cedro-cedrus-atlantica-5ml\/","title":{"rendered":"Cedarwood \u2013 Cedrus atlantica 5 ml"},"content":{"rendered":"<p>Ideal para casos de ansiedad, angustia y falta de autoestima.<br \/>\n<strong>Properties:<\/strong> Regenerador de arterias, vasodilatador, t\u00f3nico linf\u00e1tico, antis\u00e9ptico, evita la putrefacci\u00f3n, antiseborreico, astringente, diur\u00e9tico, expectorante, antimic\u00f3tico, mucol\u00edtico, t\u00f3nico.<br \/>\n<strong>Indicated for:<\/strong>: Arterosclerosis<strong>*<\/strong>, edemas<strong>*<\/strong>, celulitis<strong>*<\/strong>.<br \/>\n<strong>Uses:<\/strong> Excelente para el cuidado del cabello<strong>*<\/strong> y de la piel envejecida<strong>*<\/strong>, sedante para el sistema nervioso<strong>*<\/strong> y estimulante para el sistema circulatorio<strong>*<\/strong>, eficaz como antis\u00e9ptico poderoso para las infecciones bronquiales y de v\u00edas urinarias<strong>*<\/strong>, ayuda a eliminar el moco y la flema haciendo de este un excelente aceite para catarro y bronquitis cr\u00f3nica.<br \/>\n<strong>Inhaled:<\/strong> Para el sistema respiratorio, estimula todo el cuerpo reduciendo el estr\u00e9s y la tensi\u00f3n. Combinado con <strong>Orange<\/strong> ayuda a eliminar estados obsesivos<strong>*<\/strong> causados por depresi\u00f3n ansiosa.<br \/>\n<strong>Massage\/external:<\/strong> Ayuda a remover la grasa del cuerpo<strong>*<\/strong>. Efectivo en edemas y celulitis. Muy efectivo para cistitis, infecciones vaginales y flujo.<br \/>\n<strong>Contraindications:<\/strong>: No aplicar en ni\u00f1os o mujeres embarazadas.<\/p>","protected":false},"excerpt":{"rendered":"<p><strong>Aromatic profile: <\/strong>Woody, warm, balsamic.<br \/>\n<strong>Note: <\/strong>Base.<br \/>\n<strong>Quality: <\/strong>Organic, vegan.<br \/>\n<strong>Country of origin:\u00a0<\/strong>Morocco<br \/>\n<strong>Extraction: <\/strong>Steam distillation of wood chips<br \/>\n<strong>Suggested uses: <\/strong>Inhale 2 drops of Cedarwood in steaming water for cases of anxiety, distress, and low self-esteem.<br \/>\nAdd 10 drops of Cedarwood to 50ml base oil of <strong>Jojoba<\/strong> and massage into the scalp and hair to prevent hair loss and strengthen capillaries.<br \/>\nMix 12 drops of Cedarwood with 10 drops of <strong>grapefruit<\/strong> in 100 ml of Almond base oil for an anti-cellulite massage.<br \/>\n<strong>Harmonizes well with:\u00a0<\/strong>Rosewood, Bergamot, Cypress, Jasmine, Juniper, Neroli, Mimosa, Frankincense, Clary Sage, Vetiver, Rosemary, Ylang Ylang, Osmanthus.<\/p>","protected":false},"featured_media":3461,"comment_status":"open","ping_status":"closed","template":"","meta":[],"product_brand":[99],"product_cat":[74,95,15],"product_tag":[],"class_list":{"0":"post-506","1":"product","2":"type-product","3":"status-publish","4":"has-post-thumbnail","6":"product_brand-primavera-life","7":"product_cat-aceites-esenciales","8":"product_cat-primavera-life","9":"product_cat-todos-productos","11":"first","12":"instock","13":"taxable","14":"shipping-taxable","15":"purchasable","16":"product-type-simple"},"_links":{"self":[{"href":"https:\/\/musgoderoble.mx\/en\/wp-json\/wp\/v2\/product\/506","targetHints":{"allow":["GET"]}}],"collection":[{"href":"https:\/\/musgoderoble.mx\/en\/wp-json\/wp\/v2\/product"}],"about":[{"href":"https:\/\/musgoderoble.mx\/en\/wp-json\/wp\/v2\/types\/product"}],"replies":[{"embeddable":true,"href":"https:\/\/musgoderoble.mx\/en\/wp-json\/wp\/v2\/comments?post=506"}],"wp:featuredmedia":[{"embeddable":true,"href":"https:\/\/musgoderoble.mx\/en\/wp-json\/wp\/v2\/media\/3461"}],"wp:attachment":[{"href":"https:\/\/musgoderoble.mx\/en\/wp-json\/wp\/v2\/media?parent=506"}],"wp:term":[{"taxonomy":"product_brand","embeddable":true,"href":"https:\/\/musgoderoble.mx\/en\/wp-json\/wp\/v2\/product_brand?post=506"},{"taxonomy":"product_cat","embeddable":true,"href":"https:\/\/musgoderoble.mx\/en\/wp-json\/wp\/v2\/product_cat?post=506"},{"taxonomy":"product_tag","embeddable":true,"href":"https:\/\/musgoderoble.mx\/en\/wp-json\/wp\/v2\/product_tag?post=506"}],"curies":[{"name":"wp","href":"https:\/\/api.w.org\/{rel}","templated":true}]}}