{"id":562,"date":"2025-09-18T01:12:19","date_gmt":"2025-09-18T01:12:19","guid":{"rendered":"https:\/\/musgoderoble.mx\/?post_type=product&#038;p=562"},"modified":"2025-11-19T20:01:35","modified_gmt":"2025-11-19T20:01:35","slug":"rosa-bulgaria-10-rosa-damascena-5ml","status":"publish","type":"product","link":"https:\/\/musgoderoble.mx\/en\/product\/rosa-bulgaria-10-rosa-damascena-5ml\/","title":{"rendered":"Rosa Bulgaria 10% &#8211; Rosa damascena 5ml"},"content":{"rendered":"<p>En masaje de pecho es un excelente remedio para un coraz\u00f3n roto.<br \/>\n<strong>Aromatic profile:<\/strong> Sweet, sensual, fragrant, powerful.<\/p>","protected":false},"excerpt":{"rendered":"<p><strong>Aromatic profile: <\/strong>Sweet, sensual, fragrant, powerful.<br \/>\n<strong>Note: <\/strong>Heart.<br \/>\n<strong>Quality:\u00a0<\/strong>Organic, vegan.<br \/>\n<strong>Country of origin:<\/strong> Turqu\u00eda &#8211; Marruecos &#8211; Bulgaria &#8211; India.<br \/>\n<strong>Extraction:\u00a0<\/strong>destilaci\u00f3n al vapor de los p\u00e9talos de la\u00a0flor.<br \/>\n<strong>Suggested uses: <\/strong>Mezcla 10 gotas de Rosa B\u00falgara en 25 gramos de Manteca de Karit\u00e9, agrega 3 ml de aceite base de Almendra dulce, y revuelve muy bien. Esta preparaci\u00f3n es un excelente remedio para un coraz\u00f3n roto, aplica en masaje suave sobre el plexo solar y en el \u00e1rea del coraz\u00f3n.<br \/>\n<strong>Harmonizes well with:\u00a0<\/strong>S\u00e1ndalo, Lavanda, Melisa, Neroli, Jazm\u00edn, Iris, Aceites especiosos, Bergamota, Naranja, Lima, Mandarina, Palo de rosa, Patchouli, Benju\u00ed.<\/p>","protected":false},"featured_media":3454,"comment_status":"open","ping_status":"closed","template":"","meta":[],"product_brand":[99],"product_cat":[74,95,15],"product_tag":[],"class_list":{"0":"post-562","1":"product","2":"type-product","3":"status-publish","4":"has-post-thumbnail","6":"product_brand-primavera-life","7":"product_cat-aceites-esenciales","8":"product_cat-primavera-life","9":"product_cat-todos-productos","11":"first","12":"outofstock","13":"taxable","14":"shipping-taxable","15":"purchasable","16":"product-type-simple"},"_links":{"self":[{"href":"https:\/\/musgoderoble.mx\/en\/wp-json\/wp\/v2\/product\/562","targetHints":{"allow":["GET"]}}],"collection":[{"href":"https:\/\/musgoderoble.mx\/en\/wp-json\/wp\/v2\/product"}],"about":[{"href":"https:\/\/musgoderoble.mx\/en\/wp-json\/wp\/v2\/types\/product"}],"replies":[{"embeddable":true,"href":"https:\/\/musgoderoble.mx\/en\/wp-json\/wp\/v2\/comments?post=562"}],"wp:featuredmedia":[{"embeddable":true,"href":"https:\/\/musgoderoble.mx\/en\/wp-json\/wp\/v2\/media\/3454"}],"wp:attachment":[{"href":"https:\/\/musgoderoble.mx\/en\/wp-json\/wp\/v2\/media?parent=562"}],"wp:term":[{"taxonomy":"product_brand","embeddable":true,"href":"https:\/\/musgoderoble.mx\/en\/wp-json\/wp\/v2\/product_brand?post=562"},{"taxonomy":"product_cat","embeddable":true,"href":"https:\/\/musgoderoble.mx\/en\/wp-json\/wp\/v2\/product_cat?post=562"},{"taxonomy":"product_tag","embeddable":true,"href":"https:\/\/musgoderoble.mx\/en\/wp-json\/wp\/v2\/product_tag?post=562"}],"curies":[{"name":"wp","href":"https:\/\/api.w.org\/{rel}","templated":true}]}}