{"id":592,"date":"2025-09-18T01:04:40","date_gmt":"2025-09-18T01:04:40","guid":{"rendered":"https:\/\/musgoderoble.mx\/?post_type=product&#038;p=592"},"modified":"2026-01-12T15:43:15","modified_gmt":"2026-01-12T15:43:15","slug":"tomillo-linalol-thymus-vulgaris-linalool-5ml","status":"publish","type":"product","link":"https:\/\/musgoderoble.mx\/en\/product\/tomillo-linalol-thymus-vulgaris-linalool-5ml\/","title":{"rendered":"Thymus vulgaris linalool 5ml"},"content":{"rendered":"<p><strong><em>Properties:<\/em><\/strong> Antibacterial, antinfeccioso, funguicida, antis\u00e9ptico, analg\u00e9sico, antiespasm\u00f3dico.<\/p>\n<p><strong><em>Inhaled:<\/em><\/strong><em>:<\/em> Usado en casos de nerviosismo exhaustivo, estr\u00e9s, fatiga mental y deficiencia del sistema nervioso central, estimula el cerebro, usado para esquizofrenia.<\/p>\n<p><strong style=\"font-size: 14.4px;\"><em>Sistema Respiratorio: <\/em><\/strong><span style=\"font-size: 14.4px;\">Resfriado, dolor de garganta, espec\u00edficamente para bronco neumon\u00eda. C\u00e1lido expectorante. Sus acciones antiespasm\u00f3dicas lo hacen excelente para toses espasm\u00f3dicas como tos ferina. Se recomienda mezclar <\/span><strong style=\"font-size: 14.4px;\">Niauli<\/strong><span style=\"font-size: 14.4px;\"> and <\/span><strong style=\"font-size: 14.4px;\">Cypress.<\/strong><span style=\"font-size: 14.4px;\"> para tos violenta.<\/span><\/p>\n<p><strong>Uso <em>externo:<\/em> <\/strong>Act\u00faa como un fuerte antis\u00e9ptico ya que hace efecto en pocas cantidades, se recomienda usarse diluido.<\/p>\n<p><strong>An excelent<\/strong> y seguro para uso en ni\u00f1os y ancianos, se puede usar como sustituto del thymol.<\/p>","protected":false},"excerpt":{"rendered":"<p><strong>Aromatic profile: <\/strong>Soft, fresh, sweet, citrusy<br \/>\n<strong>Note: <\/strong>Heart, Mental<br \/>\n<strong>Quality:\u00a0<\/strong>Organic, vegan.<br \/>\n<strong>Country of origin:<\/strong>\u00a0 France.<br \/>\n<strong>Part used:\u00a0<\/strong>Leaf.<br \/>\n<strong>Suggested uses: <\/strong>Place 5 to 7 drops in an ultrasonic diffuser to prevent the spread of influenza or viral respiratory infections. Apply one drop of Thyme Linalool to warts 3 to 4 times daily until they disappear. Excellent for children and the elderly due to its gentle nature.<br \/>\n<strong>Harmonizes well with: <\/strong>Siberian Pine, Myrtle, Lemon, Niaouli, Cajeput, Iris.<br \/>\nAyuda a\u00a0prevenir el contagio de influenza o de infecciones virales de v\u00edas respiratorias.<\/p>\n<p>&nbsp;<\/p>","protected":false},"featured_media":3438,"comment_status":"open","ping_status":"closed","template":"","meta":[],"product_brand":[99],"product_cat":[74,95,15],"product_tag":[],"class_list":{"0":"post-592","1":"product","2":"type-product","3":"status-publish","4":"has-post-thumbnail","6":"product_brand-primavera-life","7":"product_cat-aceites-esenciales","8":"product_cat-primavera-life","9":"product_cat-todos-productos","11":"first","12":"instock","13":"taxable","14":"shipping-taxable","15":"purchasable","16":"product-type-simple"},"_links":{"self":[{"href":"https:\/\/musgoderoble.mx\/en\/wp-json\/wp\/v2\/product\/592","targetHints":{"allow":["GET"]}}],"collection":[{"href":"https:\/\/musgoderoble.mx\/en\/wp-json\/wp\/v2\/product"}],"about":[{"href":"https:\/\/musgoderoble.mx\/en\/wp-json\/wp\/v2\/types\/product"}],"replies":[{"embeddable":true,"href":"https:\/\/musgoderoble.mx\/en\/wp-json\/wp\/v2\/comments?post=592"}],"wp:featuredmedia":[{"embeddable":true,"href":"https:\/\/musgoderoble.mx\/en\/wp-json\/wp\/v2\/media\/3438"}],"wp:attachment":[{"href":"https:\/\/musgoderoble.mx\/en\/wp-json\/wp\/v2\/media?parent=592"}],"wp:term":[{"taxonomy":"product_brand","embeddable":true,"href":"https:\/\/musgoderoble.mx\/en\/wp-json\/wp\/v2\/product_brand?post=592"},{"taxonomy":"product_cat","embeddable":true,"href":"https:\/\/musgoderoble.mx\/en\/wp-json\/wp\/v2\/product_cat?post=592"},{"taxonomy":"product_tag","embeddable":true,"href":"https:\/\/musgoderoble.mx\/en\/wp-json\/wp\/v2\/product_tag?post=592"}],"curies":[{"name":"wp","href":"https:\/\/api.w.org\/{rel}","templated":true}]}}