{"id":598,"date":"2025-09-17T04:18:40","date_gmt":"2025-09-17T04:18:40","guid":{"rendered":"https:\/\/musgoderoble.mx\/?post_type=product&#038;p=598"},"modified":"2026-01-12T16:01:50","modified_gmt":"2026-01-12T16:01:50","slug":"ajonjoli-sesamum-indicum-100ml","status":"publish","type":"product","link":"https:\/\/musgoderoble.mx\/en\/product\/ajonjoli-sesamum-indicum-100ml\/","title":{"rendered":"Ajonjol\u00ed &#8211; Sesamum indicum 100ml"},"content":{"rendered":"<p><span style=\"color: #424040;\">Rico en lanolina, lecitina, VA, B y E, calcio, magnesio, f\u00f3sforo, cobre, acido linoleico, Omega 6 y \u00e1cido palm\u00edtico y mir\u00edstico. El \u00e1cido myristico es reconocido por sus habilidades para prevenir el c\u00e1ncer.<\/span><\/p>\n<p><span style=\"color: #424040;\"><span style=\"font-weight: 400;\">Propiedades: Mantiene las mucosas el\u00e1sticas y j\u00f3venes. Baja los niveles de colesterol. Laxante poderoso, suaviza los intestinos. Lubricante para las articulaciones. Para piel sensible, piel seca o piel de beb\u00e9. Antis\u00e9ptico y antimic\u00f3tico.<\/span><\/span><\/p>\n<p>Este es uno de los aceites m\u00e1s beneficiosos para la salud, ya que sus atributos son numerosos e incre\u00edbles. Se ha usado por mas de 500 a\u00f1os en el cuidado de la piel por tradiciones chinas y ayurvedicas; como remedio para el dolor de muelas, enfermedades en enc\u00edas y problemas en el h\u00edgado y los ri\u00f1ones.<\/p>\n<p>The oil of <strong>Ajonjol\u00ed<\/strong> es excelente para bajar los da\u00f1inos niveles de colesterol. La reducci\u00f3n de colesterol ayuda a incrementar el flujo de la sangre en general disminuyendo as\u00ed los efectos de la edad.<br \/>\nUna cucharada diaria ayuda a reducir el colesterol mejor que el aceite de olivo y cubre el 20% de vitamina E que el cuerpo requiere diariamente.<\/p>\n<p><strong>Stimulates<\/strong> la producci\u00f3n de anticuerpos e incrementa la inmunidad.<\/p>\n<p>The oil of <strong>Ajonjol\u00ed<\/strong> es bueno para todo tipo de <strong>piel,<\/strong> pero es especialmente bueno para piel sensible, seca y piel de beb\u00e9. Sus propiedades antis\u00e9pticas y antimic\u00f3ticas favorecen grandemente las rozaduras causadas por pa\u00f1ales, en lugar de cremas con qu\u00edmicos.<\/p>\n<p>Usado en <strong>massage<\/strong> es excelente por sus propiedades relajantes, aliviando dolores musculares y espasmos, ci\u00e1tica, dolor de espalda, artritis, reumatismo y cuando la gente tiene fr\u00edo.<\/p>\n<p>The oil of <strong>Ajonjol\u00ed<\/strong> recoge todas las toxinas de aceites solubles y las saca del cuerpo y de la piel, especialmente despu\u00e9s de usar antibi\u00f3ticos o despu\u00e9s de enfermedades en los o\u00eddos, nariz y garganta.<\/p>\n<p>Aplicado diariamente previene el aumento de bacterias en la piel y ayuda a sanar articulaciones.<br \/>\nSuaviza, rejuvenece, hidrata y ayuda a regular las secreciones de las gl\u00e1ndulas seb\u00e1ceas, apoya el balance natural de la piel y reduce la perdida de hidrataci\u00f3n.<\/p>\n<p>&nbsp;<\/p>\n<p>&nbsp;<\/p>","protected":false},"excerpt":{"rendered":"<p><strong>Extraction:\u00a0<\/strong>Cold-pressed from the seeds.<br \/>\n<span style=\"font-weight: 400;\"><strong>Quality:<\/strong> Organic.<br \/>\n<\/span><span style=\"font-weight: 400;\"><strong>Country of origin: <\/strong>India<br \/>\n<\/span><span style=\"font-weight: 400;\"><strong>Part used:<\/strong> seed.<br \/>\n<\/span><strong>Suggested uses: <\/strong>Moja un cotonete en aceite de Ajonjol\u00ed y p\u00e1salo por las fosas nasales, cuando hay resequedad.<\/p>\n<p>Para hacer una limpieza de o\u00eddos pon dos gotas en cada o\u00eddo.<\/p>\n<p>Haz un masaje en el cuerpo con 10ml de Ajonjol\u00ed y 2 gotas de lim\u00f3n para purificar y limpiar la piel.<\/p>\n<p>&nbsp;<\/p>","protected":false},"featured_media":3356,"comment_status":"open","ping_status":"closed","template":"","meta":[],"product_brand":[99],"product_cat":[75,95,15],"product_tag":[],"class_list":{"0":"post-598","1":"product","2":"type-product","3":"status-publish","4":"has-post-thumbnail","6":"product_brand-primavera-life","7":"product_cat-aceites-bases","8":"product_cat-primavera-life","9":"product_cat-todos-productos","11":"first","12":"instock","13":"taxable","14":"shipping-taxable","15":"purchasable","16":"product-type-simple"},"_links":{"self":[{"href":"https:\/\/musgoderoble.mx\/en\/wp-json\/wp\/v2\/product\/598","targetHints":{"allow":["GET"]}}],"collection":[{"href":"https:\/\/musgoderoble.mx\/en\/wp-json\/wp\/v2\/product"}],"about":[{"href":"https:\/\/musgoderoble.mx\/en\/wp-json\/wp\/v2\/types\/product"}],"replies":[{"embeddable":true,"href":"https:\/\/musgoderoble.mx\/en\/wp-json\/wp\/v2\/comments?post=598"}],"wp:featuredmedia":[{"embeddable":true,"href":"https:\/\/musgoderoble.mx\/en\/wp-json\/wp\/v2\/media\/3356"}],"wp:attachment":[{"href":"https:\/\/musgoderoble.mx\/en\/wp-json\/wp\/v2\/media?parent=598"}],"wp:term":[{"taxonomy":"product_brand","embeddable":true,"href":"https:\/\/musgoderoble.mx\/en\/wp-json\/wp\/v2\/product_brand?post=598"},{"taxonomy":"product_cat","embeddable":true,"href":"https:\/\/musgoderoble.mx\/en\/wp-json\/wp\/v2\/product_cat?post=598"},{"taxonomy":"product_tag","embeddable":true,"href":"https:\/\/musgoderoble.mx\/en\/wp-json\/wp\/v2\/product_tag?post=598"}],"curies":[{"name":"wp","href":"https:\/\/api.w.org\/{rel}","templated":true}]}}