{"id":600,"date":"2025-09-17T04:16:40","date_gmt":"2025-09-17T04:16:40","guid":{"rendered":"https:\/\/musgoderoble.mx\/?post_type=product&#038;p=600"},"modified":"2026-01-12T15:59:15","modified_gmt":"2026-01-12T15:59:15","slug":"argan-argania-spinosa-30ml","status":"publish","type":"product","link":"https:\/\/musgoderoble.mx\/en\/product\/argan-argania-spinosa-30ml\/","title":{"rendered":"Argan \u2013 Argania spinosa 30 ml."},"content":{"rendered":"<p>Ayuda a prevenir el <strong>envejecimiento prematura de la piel<\/strong> y protege de los radicales libres da\u00f1inos. Mejora el metabolismo de la piel y ayuda a retener la humedad. Es rico en vitamina E y muchos antioxidantes, los cuales ayudan a protegerla del da\u00f1o provocado por los radicales libres. Es particularmente ben\u00e9fico para la piel seca y madura. Apoya la renovaci\u00f3n celular reestructur\u00e1ndola.<\/p>\n<p><strong>Propiedades curativas:<\/strong> Contiene sustancias llamadas triterpenoides, las cuales tienen beneficios sanadores y protectoras. Estos ayudan a sanar cicatrices, provee protecci\u00f3n solar, tienen propiedades antiinflamatorios y act\u00faa como desinfectante. Da masaje diariamente si sufre de dolor articular, artritis, problemas reum\u00e1ticos y tambi\u00e9n para reducir cicatrices queloides.<\/p>\n<p><strong>RECETA AROMATICA:<\/strong> Tratamiento equilibrante para cualquier tipo de piel 30 ml de aceite Arg\u00e1n, 10 gotas de Naranja, 8 gotas de Ylang Ylang. Adem\u00e1s de las propiedades nutritivas de esta mezcla arom\u00e1tica, tiene efectos regenerantes y fortalecedores para la piel.<\/p>","protected":false},"excerpt":{"rendered":"<p><strong>Extraction:\u00a0<\/strong>Cold-pressed from the seeds.<br \/>\n<strong>Quality:\u00a0<\/strong>org\u00e1nico.<br \/>\n<strong>Country of origin: <\/strong>Morocco<br \/>\n<strong>Part used: <\/strong>seed.<br \/>\n<strong>Suggested uses:<\/strong><\/p>\n<p>Calienta el aceite base en ba\u00f1o mar\u00eda y da un masaje en cuero cabelludo y cabello.<\/p>\n<p>Apl\u00edcalo con un cepillito de pesta\u00f1as para tener pesta\u00f1as m\u00e1s sanas y abundantes.<\/p>\n<p>&nbsp;<\/p>","protected":false},"featured_media":3349,"comment_status":"open","ping_status":"closed","template":"","meta":[],"product_brand":[99],"product_cat":[75,95,15],"product_tag":[],"class_list":{"0":"post-600","1":"product","2":"type-product","3":"status-publish","4":"has-post-thumbnail","6":"product_brand-primavera-life","7":"product_cat-aceites-bases","8":"product_cat-primavera-life","9":"product_cat-todos-productos","11":"first","12":"instock","13":"taxable","14":"shipping-taxable","15":"purchasable","16":"product-type-simple"},"_links":{"self":[{"href":"https:\/\/musgoderoble.mx\/en\/wp-json\/wp\/v2\/product\/600","targetHints":{"allow":["GET"]}}],"collection":[{"href":"https:\/\/musgoderoble.mx\/en\/wp-json\/wp\/v2\/product"}],"about":[{"href":"https:\/\/musgoderoble.mx\/en\/wp-json\/wp\/v2\/types\/product"}],"replies":[{"embeddable":true,"href":"https:\/\/musgoderoble.mx\/en\/wp-json\/wp\/v2\/comments?post=600"}],"wp:featuredmedia":[{"embeddable":true,"href":"https:\/\/musgoderoble.mx\/en\/wp-json\/wp\/v2\/media\/3349"}],"wp:attachment":[{"href":"https:\/\/musgoderoble.mx\/en\/wp-json\/wp\/v2\/media?parent=600"}],"wp:term":[{"taxonomy":"product_brand","embeddable":true,"href":"https:\/\/musgoderoble.mx\/en\/wp-json\/wp\/v2\/product_brand?post=600"},{"taxonomy":"product_cat","embeddable":true,"href":"https:\/\/musgoderoble.mx\/en\/wp-json\/wp\/v2\/product_cat?post=600"},{"taxonomy":"product_tag","embeddable":true,"href":"https:\/\/musgoderoble.mx\/en\/wp-json\/wp\/v2\/product_tag?post=600"}],"curies":[{"name":"wp","href":"https:\/\/api.w.org\/{rel}","templated":true}]}}