{"id":736,"date":"2025-09-17T05:15:18","date_gmt":"2025-09-17T05:15:18","guid":{"rendered":"https:\/\/musgoderoble.mx\/?post_type=product&#038;p=736"},"modified":"2025-11-19T18:09:37","modified_gmt":"2025-11-19T18:09:37","slug":"contracturas-y-dolor-articular","status":"publish","type":"product","link":"https:\/\/musgoderoble.mx\/en\/product\/contracturas-y-dolor-articular\/","title":{"rendered":"Contractures and Joint Pain 50 ml"},"content":{"rendered":"<p><b>Eucaliptus globulus* \u2013 <\/b>Aumenta la circulaci\u00f3n y el calor en los m\u00fasculos, ayuda a aliviar los efectos del reumatismo, dolor muscular y fibrosis. Excelente para la artritis.<\/p>\n<p><b>Ginger* - <\/b>Las m\u00faltiples propiedades del jengibre lo hacen excelente para reducir los dolores y molestias musculares, la artritis, la mala circulaci\u00f3n y los esguinces. Aporta calor donde se necesita.<\/p>\n<p><b>Siberian Pine <\/b>&#8211; Excelente para licuar y estimular el movimiento y eliminaci\u00f3n de edemas y toxinas. Ayuda a reducir la gota.<\/p>\n<p><b>Rosemary* - <\/b>Excellent for reducing inflammation, relieving muscle and joint pain, providing warmth to affected areas, and increasing range of motion.<\/p>\n<p><b>Linalool thyme* \u2013 <\/b>Tiene un efecto estimulante y calentador en nuestro sistema circulatorio, lo que ayuda a aliviar los m\u00fasculos y las articulaciones cansados \u200b\u200by adoloridos.<\/p>\n<p><b>Wintergreen* &#8211; <\/b>Un analg\u00e9sico y antiinflamatorio muy fuerte y poderoso, reduce r\u00e1pidamente el dolor y la inflamaci\u00f3n muscular y articular. No recomendado para ni\u00f1os.<\/p>","protected":false},"excerpt":{"rendered":"<p><b>Contents 50 ml<\/b><\/p>\n<p>Joint pain and muscle tension can result from inflammation and postural stress, inactivity, repetitive movements, and other factors that restrict movement. The oils in this blend have the combined effect of relaxing muscles, reducing inflammation and pain, stimulating circulation, and eliminating toxins.<\/p>\n<p><b>How to use:<\/b> Apply with a gentle massage to the affected areas using smooth movements<span class=\"Apple-converted-space\">\u00a0 <\/span>circular and elongated motions until the oil is absorbed into the skin. Do not apply to the area near the eyes.<\/p>\n<p><b>Ingredients:<\/b> Jojoba base oil*, cold-pressed sunflower seed base oil; essential oils of Eucalyptus globulus*, Ginger*, Siberian Pine, Rosemary*, Linalool Thyme*, Wintergreen*\u00a0 \u00a0 \u00a0<strong>*Certified organic<\/strong><\/p>\n<p>&nbsp;<\/p>","protected":false},"featured_media":3496,"comment_status":"open","ping_status":"closed","template":"","meta":[],"product_brand":[98],"product_cat":[91,94,15],"product_tag":[],"class_list":{"0":"post-736","1":"product","2":"type-product","3":"status-publish","4":"has-post-thumbnail","6":"product_brand-essential-therapeutics","7":"product_cat-aceites-corporales","8":"product_cat-essential-therapeutics","9":"product_cat-todos-productos","11":"first","12":"instock","13":"taxable","14":"shipping-taxable","15":"purchasable","16":"product-type-simple"},"_links":{"self":[{"href":"https:\/\/musgoderoble.mx\/en\/wp-json\/wp\/v2\/product\/736","targetHints":{"allow":["GET"]}}],"collection":[{"href":"https:\/\/musgoderoble.mx\/en\/wp-json\/wp\/v2\/product"}],"about":[{"href":"https:\/\/musgoderoble.mx\/en\/wp-json\/wp\/v2\/types\/product"}],"replies":[{"embeddable":true,"href":"https:\/\/musgoderoble.mx\/en\/wp-json\/wp\/v2\/comments?post=736"}],"wp:featuredmedia":[{"embeddable":true,"href":"https:\/\/musgoderoble.mx\/en\/wp-json\/wp\/v2\/media\/3496"}],"wp:attachment":[{"href":"https:\/\/musgoderoble.mx\/en\/wp-json\/wp\/v2\/media?parent=736"}],"wp:term":[{"taxonomy":"product_brand","embeddable":true,"href":"https:\/\/musgoderoble.mx\/en\/wp-json\/wp\/v2\/product_brand?post=736"},{"taxonomy":"product_cat","embeddable":true,"href":"https:\/\/musgoderoble.mx\/en\/wp-json\/wp\/v2\/product_cat?post=736"},{"taxonomy":"product_tag","embeddable":true,"href":"https:\/\/musgoderoble.mx\/en\/wp-json\/wp\/v2\/product_tag?post=736"}],"curies":[{"name":"wp","href":"https:\/\/api.w.org\/{rel}","templated":true}]}}