{"id":747,"date":"2025-09-17T05:14:38","date_gmt":"2025-09-17T05:14:38","guid":{"rendered":"https:\/\/musgoderoble.mx\/?post_type=product&#038;p=747"},"modified":"2025-11-20T17:12:16","modified_gmt":"2025-11-20T17:12:16","slug":"cuidado-post-viral-y-sanacion","status":"publish","type":"product","link":"https:\/\/musgoderoble.mx\/en\/product\/cuidado-post-viral-y-sanacion\/","title":{"rendered":"Post-Viral Care and Healing 50 ml"},"content":{"rendered":"<p><b>Frankincense <\/b>&#8211; Un estimulante y t\u00f3nico muy poderoso del sistema inmunol\u00f3gico. Excelente para combatir infecciones virales y eliminar el asma bronquial y la gripe. Penetra profundamente, limpia, calma y profundiza nuestra respiraci\u00f3n. Ayuda a drenar, desintoxicar y desinflamar los ganglios linf\u00e1ticos. Induce a la estabilidad emocional, manteni\u00e9ndonos tranquilos y permiti\u00e9ndonos mantener una actitud sana y no dejar que el miedo nos debilite.<\/p>\n<p><b>Lavender* \u2013 <\/b>It acts as a powerful general sedative, allowing our immune and nervous systems to function in balance. It helps us sleep better, leaving us feeling better and stronger overall.<\/p>\n<p><b>Myrtle* \u2013 <\/b>Antinfeccioso, antis\u00e9ptico, expectorante, penetra profundamente para tratar bronquitis cr\u00f3nica, infecciones pulmonares, asma, tos cr\u00f3nica, enfisema y sinusitis. Ayuda a inducir el sue\u00f1o. Seguro para ni\u00f1os, ancianos y personas d\u00e9biles.<\/p>\n<p><b>Rosemary* - <\/b>Antibacteriano, anti Infeccioso, anti f\u00fangico, expectorante y mucol\u00edtico. Ayuda a fortalecer nuestro sistema respiratorio, potente estimulante del sistema inmunol\u00f3gico y antioxidante pulmonar. Calma los espasmos de tos. Bueno para la claridad mental.<\/p>","protected":false},"excerpt":{"rendered":"<p><b>Contents 50 ml<\/b><\/p>\n<p>This synergistic massage blend helps alleviate discomfort that develops during illness, such as depression, anxiety, insomnia, and physical weakness. It supports the body's immune response and boosts its strength and vitality. It regenerates the lung mucosa and aids in long-term recovery from COVID-19. It offers both holistic and physiological benefits to enhance physical and mental well-being.<\/p>\n<p><b>How to use:<\/b> Apply with a gentle massage to the chest, neck and upper back area; it can also be applied to the soles of the feet<span class=\"Apple-converted-space\">\u00a0<\/span>with gentle, circular, and elongated movements until the oil penetrates the skin. Or for a full body massage.<\/p>\n<p><b>Ingredients:<\/b> Jojoba base oil*, cold-pressed sunflower seed base oil; essential oils of Frankincense, Lavender*, Myrtle*, Rosemary*<span class=\"Apple-converted-space\">\u00a0<\/span><\/p>\n<p><span class=\"Apple-converted-space\"> \u00a0<strong>*Certified organic<\/strong><\/span><\/p>\n<p>&nbsp;<\/p>","protected":false},"featured_media":3981,"comment_status":"open","ping_status":"closed","template":"","meta":[],"product_brand":[98],"product_cat":[91,94,15],"product_tag":[],"class_list":{"0":"post-747","1":"product","2":"type-product","3":"status-publish","4":"has-post-thumbnail","6":"product_brand-essential-therapeutics","7":"product_cat-aceites-corporales","8":"product_cat-essential-therapeutics","9":"product_cat-todos-productos","11":"first","12":"instock","13":"taxable","14":"shipping-taxable","15":"purchasable","16":"product-type-simple"},"_links":{"self":[{"href":"https:\/\/musgoderoble.mx\/en\/wp-json\/wp\/v2\/product\/747","targetHints":{"allow":["GET"]}}],"collection":[{"href":"https:\/\/musgoderoble.mx\/en\/wp-json\/wp\/v2\/product"}],"about":[{"href":"https:\/\/musgoderoble.mx\/en\/wp-json\/wp\/v2\/types\/product"}],"replies":[{"embeddable":true,"href":"https:\/\/musgoderoble.mx\/en\/wp-json\/wp\/v2\/comments?post=747"}],"wp:featuredmedia":[{"embeddable":true,"href":"https:\/\/musgoderoble.mx\/en\/wp-json\/wp\/v2\/media\/3981"}],"wp:attachment":[{"href":"https:\/\/musgoderoble.mx\/en\/wp-json\/wp\/v2\/media?parent=747"}],"wp:term":[{"taxonomy":"product_brand","embeddable":true,"href":"https:\/\/musgoderoble.mx\/en\/wp-json\/wp\/v2\/product_brand?post=747"},{"taxonomy":"product_cat","embeddable":true,"href":"https:\/\/musgoderoble.mx\/en\/wp-json\/wp\/v2\/product_cat?post=747"},{"taxonomy":"product_tag","embeddable":true,"href":"https:\/\/musgoderoble.mx\/en\/wp-json\/wp\/v2\/product_tag?post=747"}],"curies":[{"name":"wp","href":"https:\/\/api.w.org\/{rel}","templated":true}]}}