{"id":749,"date":"2025-09-17T05:16:38","date_gmt":"2025-09-17T05:16:38","guid":{"rendered":"https:\/\/musgoderoble.mx\/?post_type=product&#038;p=749"},"modified":"2025-11-20T17:19:02","modified_gmt":"2025-11-20T17:19:02","slug":"circulacion-linfatico","status":"publish","type":"product","link":"https:\/\/musgoderoble.mx\/en\/product\/circulacion-linfatico\/","title":{"rendered":"Lymphatic Circulation 50 ml"},"content":{"rendered":"<p><strong>Cedar* \u2013 <\/strong>Regenerador de arterias, ayuda a eliminar impurezas, antibacteriano, antiinflamatorio, reduce eccemas, retenci\u00f3n de l\u00edquidos y celulitis, estimulante y t\u00f3nico del sistema linf\u00e1tico y circulatorio. Ayuda a eliminar la grasa del cuerpo y la sangre.<\/p>\n<p><b>Cypress.<\/b><strong>* \u2013 <\/strong>Venal descongestionante, estimula el flujo sangu\u00edneo y linf\u00e1tico, elimina la retenci\u00f3n de l\u00edquidos, minimiza las varices y es depurativo.<\/p>\n<p><strong>Blackberry juniper* \u2013 <\/strong>Gran desintoxicante, limpia y mejora la funci\u00f3n renal, ayuda a estimular y drenar nuestro sistema linf\u00e1tico. Ayuda a entregar nutrientes esenciales a trav\u00e9s de un flujo sangu\u00edneo purificado y aumentado. Elimina los radicales libres.<\/p>\n<p><strong>Eucalyptus citriodora* \u2013 <\/strong>Analgesic, helps reduce rheumatism and osteoarthritis, soothes nerve inflammation. Antiviral, antimicrobial, antifungal, and antiseptic for the skin. Stimulates circulation.<\/p>\n<p><strong>Pino &#8211; <\/strong>Estimula y mantiene una buena circulaci\u00f3n de la sangre y la linfa. Promueve la regeneraci\u00f3n de la piel, desintoxica, calienta, analg\u00e9sico. Descongestiona y diluye las toxinas del sistema linf\u00e1tico facilitando su eliminaci\u00f3n por parte de nuestro organismo. Oxigena nuestra sangre, dilata los capilares y aumenta el riego sangu\u00edneo.<\/p>\n<p>&nbsp;<\/p>\n<p>&nbsp;<\/p>","protected":false},"excerpt":{"rendered":"<p><strong>Contents 50 ml<\/strong><\/p>\n<p>Our Circulation\/Lymphatic Aromatic Massage Oil blend benefits greatly from the essential oils due to their ability to enter the bloodstream topically through the skin, providing a rapid healing effect. Cedarwood is an excellent artery regenerator, Cypress and Juniper are vasodilators, and Siberian Fir and Lemon Eucalyptus warm the system and stimulate circulation, helping the body move and eliminate toxins from the lymphatic system.<\/p>\n<p><strong>How to use:<\/strong> \u00a0Apply with a gentle massage to the affected areas using smooth movements<span class=\"Apple-converted-space\">\u00a0\u00a0<\/span>circular and elongated motions until the oil is absorbed into the skin. Do not apply to the area near the eyes.<\/p>\n<p><strong>Ingredients:<\/strong> Jojoba base oil*, cold-pressed sunflower seed base oil; essential oils of Cedarwood*, Cypress*, Blackberry Juniper*, Lemon Eucalyptus*, Pine\u00a0 <strong>*Certified organic<\/strong><\/p>\n<p>&nbsp;<\/p>","protected":false},"featured_media":3984,"comment_status":"open","ping_status":"closed","template":"","meta":[],"product_brand":[98],"product_cat":[91,94,15],"product_tag":[],"class_list":{"0":"post-749","1":"product","2":"type-product","3":"status-publish","4":"has-post-thumbnail","6":"product_brand-essential-therapeutics","7":"product_cat-aceites-corporales","8":"product_cat-essential-therapeutics","9":"product_cat-todos-productos","11":"first","12":"instock","13":"taxable","14":"shipping-taxable","15":"purchasable","16":"product-type-simple"},"_links":{"self":[{"href":"https:\/\/musgoderoble.mx\/en\/wp-json\/wp\/v2\/product\/749","targetHints":{"allow":["GET"]}}],"collection":[{"href":"https:\/\/musgoderoble.mx\/en\/wp-json\/wp\/v2\/product"}],"about":[{"href":"https:\/\/musgoderoble.mx\/en\/wp-json\/wp\/v2\/types\/product"}],"replies":[{"embeddable":true,"href":"https:\/\/musgoderoble.mx\/en\/wp-json\/wp\/v2\/comments?post=749"}],"wp:featuredmedia":[{"embeddable":true,"href":"https:\/\/musgoderoble.mx\/en\/wp-json\/wp\/v2\/media\/3984"}],"wp:attachment":[{"href":"https:\/\/musgoderoble.mx\/en\/wp-json\/wp\/v2\/media?parent=749"}],"wp:term":[{"taxonomy":"product_brand","embeddable":true,"href":"https:\/\/musgoderoble.mx\/en\/wp-json\/wp\/v2\/product_brand?post=749"},{"taxonomy":"product_cat","embeddable":true,"href":"https:\/\/musgoderoble.mx\/en\/wp-json\/wp\/v2\/product_cat?post=749"},{"taxonomy":"product_tag","embeddable":true,"href":"https:\/\/musgoderoble.mx\/en\/wp-json\/wp\/v2\/product_tag?post=749"}],"curies":[{"name":"wp","href":"https:\/\/api.w.org\/{rel}","templated":true}]}}