{"id":765,"date":"2025-09-17T05:12:06","date_gmt":"2025-09-17T05:12:06","guid":{"rendered":"https:\/\/musgoderoble.mx\/?post_type=product&#038;p=765"},"modified":"2025-11-19T18:13:27","modified_gmt":"2025-11-19T18:13:27","slug":"emocional-balance-para-mujeres","status":"publish","type":"product","link":"https:\/\/musgoderoble.mx\/en\/product\/emocional-balance-para-mujeres\/","title":{"rendered":"Emotional balance for women 50 ml"},"content":{"rendered":"<p><strong>Frankincense <\/strong>&#8211; Pone en equilibrio el sistema hormonal. Utilizado en la antig\u00fcedad para la sanaci\u00f3n espiritual, para curar el alma, para dejar atr\u00e1s el pasado y eliminar todo lo no deseado. Un aceite muy edificante.<\/p>\n<p><strong>Pink grapefruit* - <\/strong>Excelente antidepresivo. Clarificante mental, energizante y estimulante, da \u00edmpetu para prestar atenci\u00f3n y seguir adelante. Reconecta la mente, el cuerpo y el alma. Fomenta la positividad y la espontaneidad.<\/p>\n<p><strong>Fennel* \u2013 <\/strong>Purifica, limpia y revitaliza la mente. Da soluciones. Mejora la fortaleza y el coraje. Nos da fuerza para expresar emociones contenidas. Otorga un poder extraordinario a todo el sistema hormonal y reproductivo.<\/p>\n<p><strong>Rose geranium* \u2013 <\/strong>Un estimulante fuerte pero sutil para las gl\u00e1ndulas suprarrenales. Levanta el \u00e1nimo, es relajante, equilibrante y alivia la ansiedad. Su efecto refrescante lo hacen excelente para aliviar los problemas durante la menopausia y el s\u00edndrome premenstrual. Calma la cabeza y los pensamientos cuando hay demasiadas cosas. Calma y abre nuestro coraz\u00f3n.<\/p>","protected":false},"excerpt":{"rendered":"<p><strong>Contents 50 ml<\/strong><\/p>\n<p>Maintaining emotional balance can be difficult when life is constantly changing and we seek consistency; balance. Identifying, feeling, and processing our emotional reactions is important. This blend is complementary, helping us find and maintain clarity, motivation, balanced energy, strength, joy, positivity, generosity, attunement, upliftment, harmony, inner unity, protection, and comfort.<\/p>\n<p><strong>How to use:<\/strong> Apply with a gentle massage to the back, neck, abdomen or soles of the feet, using smooth circular and elongated movements until the oil penetrates the skin.<\/p>\n<p><strong>Ingredients:<\/strong> Jojoba base oil*, cold-pressed sunflower seed base oil; essential oils of Frankincense, Grapefruit*, Fennel*, Rosageranium*\u00a0 <strong>*Certified organic<\/strong><\/p>\n<p>&nbsp;<\/p>","protected":false},"featured_media":3489,"comment_status":"open","ping_status":"closed","template":"","meta":[],"product_brand":[98],"product_cat":[91,94,15],"product_tag":[],"class_list":{"0":"post-765","1":"product","2":"type-product","3":"status-publish","4":"has-post-thumbnail","6":"product_brand-essential-therapeutics","7":"product_cat-aceites-corporales","8":"product_cat-essential-therapeutics","9":"product_cat-todos-productos","11":"first","12":"instock","13":"taxable","14":"shipping-taxable","15":"purchasable","16":"product-type-simple"},"_links":{"self":[{"href":"https:\/\/musgoderoble.mx\/en\/wp-json\/wp\/v2\/product\/765","targetHints":{"allow":["GET"]}}],"collection":[{"href":"https:\/\/musgoderoble.mx\/en\/wp-json\/wp\/v2\/product"}],"about":[{"href":"https:\/\/musgoderoble.mx\/en\/wp-json\/wp\/v2\/types\/product"}],"replies":[{"embeddable":true,"href":"https:\/\/musgoderoble.mx\/en\/wp-json\/wp\/v2\/comments?post=765"}],"wp:featuredmedia":[{"embeddable":true,"href":"https:\/\/musgoderoble.mx\/en\/wp-json\/wp\/v2\/media\/3489"}],"wp:attachment":[{"href":"https:\/\/musgoderoble.mx\/en\/wp-json\/wp\/v2\/media?parent=765"}],"wp:term":[{"taxonomy":"product_brand","embeddable":true,"href":"https:\/\/musgoderoble.mx\/en\/wp-json\/wp\/v2\/product_brand?post=765"},{"taxonomy":"product_cat","embeddable":true,"href":"https:\/\/musgoderoble.mx\/en\/wp-json\/wp\/v2\/product_cat?post=765"},{"taxonomy":"product_tag","embeddable":true,"href":"https:\/\/musgoderoble.mx\/en\/wp-json\/wp\/v2\/product_tag?post=765"}],"curies":[{"name":"wp","href":"https:\/\/api.w.org\/{rel}","templated":true}]}}